{"id":4021,"date":"2017-10-04T17:09:22","date_gmt":"2017-10-04T15:09:22","guid":{"rendered":"https:\/\/www.angeloniweb.it\/?page_id=4021"},"modified":"2018-03-27T12:53:53","modified_gmt":"2018-03-27T10:53:53","slug":"histoire","status":"publish","type":"page","link":"https:\/\/www.angeloniweb.it\/fr\/histoire\/","title":{"rendered":"Histoire"},"content":{"rendered":"<p><div class=\"fusion-fullwidth fullwidth-box fusion-builder-row-1 nonhundred-percent-fullwidth non-hundred-percent-height-scrolling\" style=\"--awb-border-radius-top-left:0px;--awb-border-radius-top-right:0px;--awb-border-radius-bottom-right:0px;--awb-border-radius-bottom-left:0px;--awb-padding-bottom:0px;--awb-margin-top:0px;--awb-margin-bottom:0px;--awb-flex-wrap:wrap;\" id=\"azienda1\" ><div class=\"fusion-builder-row fusion-row\"><div class=\"fusion-layout-column fusion_builder_column fusion-builder-column-0 fusion_builder_column_1_2 1_2 fusion-one-half fusion-column-first\" style=\"--awb-padding-top:45px;--awb-padding-bottom:0px;--awb-bg-size:cover;width:50%;width:calc(50% - ( ( 4% ) * 0.5 ) );margin-right: 4%;\"><div class=\"fusion-column-wrapper fusion-flex-column-wrapper-legacy\"><div class=\"fusion-title title fusion-title-1 fusion-sep-none fusion-title-text fusion-title-size-two\" style=\"--awb-margin-top-small:10px;--awb-margin-right-small:0px;--awb-margin-bottom-small:10px;--awb-margin-left-small:0px;\"><h2 class=\"fusion-title-heading title-heading-left\" style=\"margin:0;\"><strong>1947<\/strong><\/h2><\/div><div class=\"fusion-text fusion-text-1\"><p>Pendant la p\u00e9riode de l\u2019Italie bless\u00e9e de la second\u00a0 guerre mondiale, la famille Angeloni commence avec enthousiasme sa propre activit\u00e9 entrepreneuriale, compte tenue de sa grande exp\u00e9rience et abilit\u00e9e artisanale et sa ressource\u00a0 ainsi que la tenacit\u00e9 propre des origines des Marches. Sa activit\u00e9 d\u00e9but par la r\u00e9paration des \u00e9quipments agricoles plus utilis\u00e9es et plus pr\u00e9cisement des batteuses.<\/p>\n<p>On passe de bient\u00f4t de la r\u00e9paration \u00e0 la production en s\u00e8rie des components et accessoires pour ces equipments complexes:<\/p>\n<p>Mangeoires de bl\u00e9, escalier en paille et escalier de la balle. Dans sa promotteur realit\u00e9 des Marches, l\u2019offre de la Societ\u00e9 Angeloni se diversifie. La Societ\u00e9 Angeloni se developpe et donc elle satisfaite les differentes demandes de mechanisation dans le secteur agricole du territoire, comme la viticulture et \u00e9levage.<\/p>\n<p>La nouvelle production incluis les presses, presses \u00e0 raisin pour les raisins, r\u00e9morques agricoles et broyeurs de forage.<\/p>\n<\/div><div class=\"fusion-clearfix\"><\/div><\/div><\/div><div class=\"fusion-layout-column fusion_builder_column fusion-builder-column-1 fusion_builder_column_1_2 1_2 fusion-one-half fusion-column-last\" style=\"--awb-padding-top:110px;--awb-bg-size:cover;width:50%;width:calc(50% - ( ( 4% ) * 0.5 ) );\"><div class=\"fusion-column-wrapper fusion-flex-column-wrapper-legacy\"><div class=\"fusion-image-element in-legacy-container\" style=\"--awb-caption-title-font-family:var(--h2_typography-font-family);--awb-caption-title-font-weight:var(--h2_typography-font-weight);--awb-caption-title-font-style:var(--h2_typography-font-style);--awb-caption-title-size:var(--h2_typography-font-size);--awb-caption-title-transform:var(--h2_typography-text-transform);--awb-caption-title-line-height:var(--h2_typography-line-height);--awb-caption-title-letter-spacing:var(--h2_typography-letter-spacing);\"><span class=\" fusion-imageframe imageframe-none imageframe-1 hover-type-none\"><img decoding=\"async\" width=\"780\" height=\"517\" title=\"foto1\" src=\"https:\/\/www.angeloniweb.it\/wp-content\/uploads\/2017\/10\/foto1.jpg\" alt class=\"img-responsive wp-image-4029\" srcset=\"https:\/\/www.angeloniweb.it\/wp-content\/uploads\/2017\/10\/foto1-200x133.jpg 200w, https:\/\/www.angeloniweb.it\/wp-content\/uploads\/2017\/10\/foto1-400x265.jpg 400w, https:\/\/www.angeloniweb.it\/wp-content\/uploads\/2017\/10\/foto1-600x398.jpg 600w, https:\/\/www.angeloniweb.it\/wp-content\/uploads\/2017\/10\/foto1.jpg 780w\" sizes=\"(max-width: 1030px) 100vw, 600px\" \/><\/span><\/div><div class=\"fusion-clearfix\"><\/div><\/div><\/div><\/div><\/div><div class=\"fusion-fullwidth fullwidth-box fusion-builder-row-2 nonhundred-percent-fullwidth non-hundred-percent-height-scrolling\" style=\"--awb-border-radius-top-left:0px;--awb-border-radius-top-right:0px;--awb-border-radius-bottom-right:0px;--awb-border-radius-bottom-left:0px;--awb-padding-top:0px;--awb-padding-bottom:0px;--awb-margin-top:0px;--awb-background-color:#ededed;--awb-flex-wrap:wrap;\" id=\"azienda2\" ><div class=\"fusion-builder-row fusion-row\"><div class=\"fusion-layout-column fusion_builder_column fusion-builder-column-2 fusion_builder_column_1_2 1_2 fusion-one-half fusion-column-first\" style=\"--awb-padding-top:40px;--awb-padding-bottom:0px;--awb-bg-size:cover;width:50%;width:calc(50% - ( ( 4% ) * 0.5 ) );margin-right: 4%;\"><div class=\"fusion-column-wrapper fusion-flex-column-wrapper-legacy\"><div class=\"fusion-title title fusion-title-2 fusion-sep-none fusion-title-text fusion-title-size-two\" style=\"--awb-margin-top-small:10px;--awb-margin-right-small:0px;--awb-margin-bottom-small:10px;--awb-margin-left-small:0px;\"><h2 class=\"fusion-title-heading title-heading-left\" style=\"margin:0;\"><strong>1977<\/strong><\/h2><\/div><div class=\"fusion-text fusion-text-2\"><p>Les ann\u00e9es \u201970 portent une\u00a0\u00a0 grande innovation dans les phases de la production aussi dans le secteur agricole . les batteuses sont r\u00e9mplac\u00e9es peu \u00e0 peu des massonneuses ; machines plus \u00e0 l\u2019avant garde et efficaces pour cette p\u00e9riode mai par compte mois adpates au tissue valonn\u00e9e de l\u2019Italie Centrale . Angeloni est la pr\u00e9miere Societ\u00e9 en Italie de faire face ces difficulties , en trouvant des solutions definitives sur les sols en pente.<\/p>\n<p>Grace \u00e0 l\u2019introduction des aplanissements hydrauliques et freins \u00e0 disques pour massonneuses am\u00e9liore consid\u00e9reblement <strong>l\u2019efficacit\u00e9 et la s\u00e9curit\u00e9 des operateurs .<\/strong><\/p>\n<\/div><div class=\"fusion-clearfix\"><\/div><\/div><\/div><div class=\"fusion-layout-column fusion_builder_column fusion-builder-column-3 fusion_builder_column_1_2 1_2 fusion-one-half fusion-column-last\" style=\"--awb-padding-top:60px;--awb-bg-size:cover;width:50%;width:calc(50% - ( ( 4% ) * 0.5 ) );\"><div class=\"fusion-column-wrapper fusion-flex-column-wrapper-legacy\"><div class=\"fusion-image-element in-legacy-container\" style=\"--awb-caption-title-font-family:var(--h2_typography-font-family);--awb-caption-title-font-weight:var(--h2_typography-font-weight);--awb-caption-title-font-style:var(--h2_typography-font-style);--awb-caption-title-size:var(--h2_typography-font-size);--awb-caption-title-transform:var(--h2_typography-text-transform);--awb-caption-title-line-height:var(--h2_typography-line-height);--awb-caption-title-letter-spacing:var(--h2_typography-letter-spacing);\"><span class=\" fusion-imageframe imageframe-none imageframe-2 hover-type-none\"><img decoding=\"async\" width=\"800\" height=\"550\" title=\"foto2\" src=\"https:\/\/www.angeloniweb.it\/wp-content\/uploads\/2017\/10\/foto2.jpg\" alt class=\"img-responsive wp-image-4030\" srcset=\"https:\/\/www.angeloniweb.it\/wp-content\/uploads\/2017\/10\/foto2-200x138.jpg 200w, https:\/\/www.angeloniweb.it\/wp-content\/uploads\/2017\/10\/foto2-400x275.jpg 400w, https:\/\/www.angeloniweb.it\/wp-content\/uploads\/2017\/10\/foto2-600x413.jpg 600w, https:\/\/www.angeloniweb.it\/wp-content\/uploads\/2017\/10\/foto2.jpg 800w\" sizes=\"(max-width: 1030px) 100vw, 600px\" \/><\/span><\/div><div class=\"fusion-clearfix\"><\/div><\/div><\/div><\/div><\/div><div class=\"fusion-fullwidth fullwidth-box fusion-builder-row-3 nonhundred-percent-fullwidth non-hundred-percent-height-scrolling\" style=\"--awb-border-radius-top-left:0px;--awb-border-radius-top-right:0px;--awb-border-radius-bottom-right:0px;--awb-border-radius-bottom-left:0px;--awb-flex-wrap:wrap;\" ><div class=\"fusion-builder-row fusion-row\"><div class=\"fusion-layout-column fusion_builder_column fusion-builder-column-4 fusion_builder_column_1_2 1_2 fusion-one-half fusion-column-first\" style=\"--awb-padding-top:45px;--awb-padding-bottom:60px;--awb-bg-size:cover;width:50%;width:calc(50% - ( ( 4% ) * 0.5 ) );margin-right: 4%;\"><div class=\"fusion-column-wrapper fusion-flex-column-wrapper-legacy\"><div class=\"fusion-title title fusion-title-3 fusion-sep-none fusion-title-text fusion-title-size-two\" style=\"--awb-margin-top-small:10px;--awb-margin-right-small:0px;--awb-margin-bottom-small:10px;--awb-margin-left-small:0px;\"><h2 class=\"fusion-title-heading title-heading-left\" style=\"margin:0;\"><strong>Ann\u00e9es &rsquo;80<\/strong><\/h2><\/div><div class=\"fusion-text fusion-text-3\"><p>Une nouvelle g\u00e9n\u00e9ration entre dans la Societ\u00e9 avec des grandes ambitions; parmi une eimpreinte encore plus dinamique permet de commancer aussi la\u00a0 production non seulement des accessoires mais,\u00a0 aussi meme des outils par le labour du sols .Ce projet r\u00e9presente\u00a0 le d\u00e9but\u00a0 d\u2019une nouvelle et plus important activit\u00e9 , car elle se lance d\u00e9finitivement comme\u00a0 fabriquant reconnu des machinismes\u00a0 agricoles pour le travail passif des terres<\/p>\n<p>Parmi un grand enthousiasme on commence la conqu\u00eate des nouveaux march\u00e9s extra r\u00e9gionals jusqu&rsquo;\u00e0 ce qu\u2019 \u00e0 couvrir peu \u00e0 peu tout , le march\u00e9 Italien parmi un r\u00e9seau capillaire des concessionaires autoris\u00e9s .<\/p>\n<\/div><div class=\"fusion-clearfix\"><\/div><\/div><\/div><div class=\"fusion-layout-column fusion_builder_column fusion-builder-column-5 fusion_builder_column_1_2 1_2 fusion-one-half fusion-column-last\" style=\"--awb-padding-top:60px;--awb-padding-bottom:0px;--awb-bg-size:cover;width:50%;width:calc(50% - ( ( 4% ) * 0.5 ) );\"><div class=\"fusion-column-wrapper fusion-flex-column-wrapper-legacy\"><div class=\"fusion-image-element in-legacy-container\" style=\"--awb-caption-title-font-family:var(--h2_typography-font-family);--awb-caption-title-font-weight:var(--h2_typography-font-weight);--awb-caption-title-font-style:var(--h2_typography-font-style);--awb-caption-title-size:var(--h2_typography-font-size);--awb-caption-title-transform:var(--h2_typography-text-transform);--awb-caption-title-line-height:var(--h2_typography-line-height);--awb-caption-title-letter-spacing:var(--h2_typography-letter-spacing);\"><span class=\" fusion-imageframe imageframe-none imageframe-3 hover-type-none\"><img decoding=\"async\" width=\"850\" height=\"626\" title=\"foto3\" src=\"https:\/\/www.angeloniweb.it\/wp-content\/uploads\/2017\/10\/foto3.jpg\" alt class=\"img-responsive wp-image-4031\" srcset=\"https:\/\/www.angeloniweb.it\/wp-content\/uploads\/2017\/10\/foto3-200x147.jpg 200w, https:\/\/www.angeloniweb.it\/wp-content\/uploads\/2017\/10\/foto3-400x295.jpg 400w, https:\/\/www.angeloniweb.it\/wp-content\/uploads\/2017\/10\/foto3-600x442.jpg 600w, https:\/\/www.angeloniweb.it\/wp-content\/uploads\/2017\/10\/foto3-800x589.jpg 800w, https:\/\/www.angeloniweb.it\/wp-content\/uploads\/2017\/10\/foto3.jpg 850w\" sizes=\"(max-width: 1030px) 100vw, 600px\" \/><\/span><\/div><div class=\"fusion-clearfix\"><\/div><\/div><\/div><\/div><\/div><div class=\"fusion-fullwidth fullwidth-box fusion-builder-row-4 nonhundred-percent-fullwidth non-hundred-percent-height-scrolling\" style=\"--awb-border-radius-top-left:0px;--awb-border-radius-top-right:0px;--awb-border-radius-bottom-right:0px;--awb-border-radius-bottom-left:0px;--awb-padding-top:0px;--awb-padding-bottom:0px;--awb-background-color:#ededed;--awb-flex-wrap:wrap;\" ><div class=\"fusion-builder-row fusion-row\"><div class=\"fusion-layout-column fusion_builder_column fusion-builder-column-6 fusion_builder_column_1_2 1_2 fusion-one-half fusion-column-first\" style=\"--awb-padding-top:45px;--awb-padding-bottom:60px;--awb-bg-size:cover;width:50%;width:calc(50% - ( ( 4% ) * 0.5 ) );margin-right: 4%;\"><div class=\"fusion-column-wrapper fusion-flex-column-wrapper-legacy\"><div class=\"fusion-title title fusion-title-4 fusion-sep-none fusion-title-text fusion-title-size-two\" style=\"--awb-margin-top-small:10px;--awb-margin-right-small:0px;--awb-margin-bottom-small:10px;--awb-margin-left-small:0px;\"><h2 class=\"fusion-title-heading title-heading-left\" style=\"margin:0;\"><strong>1994<\/strong><\/h2><\/div><div class=\"fusion-text fusion-text-4\"><p>Extension de l\u2019usine et configuration en Angeloni srl . Parmi\u00a0 la siege\u00a0 actuelle renouv\u00e9e , la gamme des outils s\u2019expande avec l\u2019\u00a0 introduction des machinismes pour la manipulation (chargeurs frontaux ; lames de bulldozer ; soulveteurs anterieurs) et pour la\u00a0 circulation d\u2019hiver (lames\u00a0 pour neige , \u00e9pandeurs pour les sel). La liste de prix s\u2019entedue des differentes solutions et innovations techniques .<\/p>\n<\/div><div class=\"fusion-clearfix\"><\/div><\/div><\/div><div class=\"fusion-layout-column fusion_builder_column fusion-builder-column-7 fusion_builder_column_1_2 1_2 fusion-one-half fusion-column-last\" style=\"--awb-padding-top:60px;--awb-padding-bottom:0px;--awb-bg-size:cover;width:50%;width:calc(50% - ( ( 4% ) * 0.5 ) );\"><div class=\"fusion-column-wrapper fusion-flex-column-wrapper-legacy\"><div class=\"fusion-image-element in-legacy-container\" style=\"--awb-caption-title-font-family:var(--h2_typography-font-family);--awb-caption-title-font-weight:var(--h2_typography-font-weight);--awb-caption-title-font-style:var(--h2_typography-font-style);--awb-caption-title-size:var(--h2_typography-font-size);--awb-caption-title-transform:var(--h2_typography-text-transform);--awb-caption-title-line-height:var(--h2_typography-line-height);--awb-caption-title-letter-spacing:var(--h2_typography-letter-spacing);\"><span class=\" fusion-imageframe imageframe-none imageframe-4 hover-type-none\"><img decoding=\"async\" width=\"931\" height=\"650\" title=\"foto4\" src=\"https:\/\/www.angeloniweb.it\/wp-content\/uploads\/2017\/10\/foto4.jpg\" alt class=\"img-responsive wp-image-4032\" srcset=\"https:\/\/www.angeloniweb.it\/wp-content\/uploads\/2017\/10\/foto4-200x140.jpg 200w, https:\/\/www.angeloniweb.it\/wp-content\/uploads\/2017\/10\/foto4-400x279.jpg 400w, https:\/\/www.angeloniweb.it\/wp-content\/uploads\/2017\/10\/foto4-600x419.jpg 600w, https:\/\/www.angeloniweb.it\/wp-content\/uploads\/2017\/10\/foto4-800x559.jpg 800w, https:\/\/www.angeloniweb.it\/wp-content\/uploads\/2017\/10\/foto4.jpg 931w\" sizes=\"(max-width: 1030px) 100vw, 600px\" \/><\/span><\/div><div class=\"fusion-clearfix\"><\/div><\/div><\/div><\/div><\/div><div class=\"fusion-fullwidth fullwidth-box fusion-builder-row-5 nonhundred-percent-fullwidth non-hundred-percent-height-scrolling\" style=\"--awb-border-radius-top-left:0px;--awb-border-radius-top-right:0px;--awb-border-radius-bottom-right:0px;--awb-border-radius-bottom-left:0px;--awb-padding-top:0px;--awb-padding-bottom:0px;--awb-flex-wrap:wrap;\" ><div class=\"fusion-builder-row fusion-row\"><div class=\"fusion-layout-column fusion_builder_column fusion-builder-column-8 fusion_builder_column_1_2 1_2 fusion-one-half fusion-column-first\" style=\"--awb-padding-top:45px;--awb-padding-bottom:60px;--awb-bg-size:cover;width:50%;width:calc(50% - ( ( 4% ) * 0.5 ) );margin-right: 4%;\"><div class=\"fusion-column-wrapper fusion-flex-column-wrapper-legacy\"><div class=\"fusion-title title fusion-title-5 fusion-sep-none fusion-title-text fusion-title-size-two\" style=\"--awb-margin-top-small:10px;--awb-margin-right-small:0px;--awb-margin-bottom-small:10px;--awb-margin-left-small:0px;\"><h2 class=\"fusion-title-heading title-heading-left\" style=\"margin:0;\"><strong>Des ann\u00e9es 2000 \u00e0 aujourd&rsquo;hui<\/strong><\/h2><\/div><div class=\"fusion-text fusion-text-5\"><p>La Societ\u00e9 est caract\u00e9ris\u00e9e pour sa inn\u00e9 capacit\u00e9e de s\u2019adapter aux exsigences de la m\u00e9canisation du secteur .<br \/>\nL\u2019experienc\u00e9 faite, permet \u00e0 la Angeloni de d\u00e9velopper techniques innovaties de conception, en valorisant la pr\u00e9cisition de sa competence \u00a0et capabilit\u00e9e artisanale. Une vision strat\u00e9gique qui permet un pr\u00e9stigieux reconnaissance \u201c <b>Nouvaut\u00e9es techniques de l\u2019ann\u00e9e 2008 , parmi EIMA inetrantional Foire de Bolone : LE Cultivateur BLUCOMBI<\/b>.<\/p>\n<\/div><div class=\"fusion-clearfix\"><\/div><\/div><\/div><div class=\"fusion-layout-column fusion_builder_column fusion-builder-column-9 fusion_builder_column_1_2 1_2 fusion-one-half fusion-column-last\" style=\"--awb-padding-top:60px;--awb-padding-bottom:0px;--awb-bg-size:cover;width:50%;width:calc(50% - ( ( 4% ) * 0.5 ) );\"><div class=\"fusion-column-wrapper fusion-flex-column-wrapper-legacy\"><div class=\"fusion-image-element in-legacy-container\" style=\"--awb-caption-title-font-family:var(--h2_typography-font-family);--awb-caption-title-font-weight:var(--h2_typography-font-weight);--awb-caption-title-font-style:var(--h2_typography-font-style);--awb-caption-title-size:var(--h2_typography-font-size);--awb-caption-title-transform:var(--h2_typography-text-transform);--awb-caption-title-line-height:var(--h2_typography-line-height);--awb-caption-title-letter-spacing:var(--h2_typography-letter-spacing);\"><span class=\" fusion-imageframe imageframe-none imageframe-5 hover-type-none\"><img decoding=\"async\" width=\"850\" height=\"520\" title=\"foto5\" src=\"https:\/\/www.angeloniweb.it\/wp-content\/uploads\/2017\/10\/foto5.jpg\" alt class=\"img-responsive wp-image-4033\" srcset=\"https:\/\/www.angeloniweb.it\/wp-content\/uploads\/2017\/10\/foto5-200x122.jpg 200w, https:\/\/www.angeloniweb.it\/wp-content\/uploads\/2017\/10\/foto5-400x245.jpg 400w, https:\/\/www.angeloniweb.it\/wp-content\/uploads\/2017\/10\/foto5-600x367.jpg 600w, https:\/\/www.angeloniweb.it\/wp-content\/uploads\/2017\/10\/foto5-800x489.jpg 800w, https:\/\/www.angeloniweb.it\/wp-content\/uploads\/2017\/10\/foto5.jpg 850w\" sizes=\"(max-width: 1030px) 100vw, 600px\" \/><\/span><\/div><div class=\"fusion-clearfix\"><\/div><\/div><\/div><\/div><\/div><div class=\"fusion-fullwidth fullwidth-box fusion-builder-row-6 nonhundred-percent-fullwidth non-hundred-percent-height-scrolling\" style=\"--awb-border-radius-top-left:0px;--awb-border-radius-top-right:0px;--awb-border-radius-bottom-right:0px;--awb-border-radius-bottom-left:0px;--awb-flex-wrap:wrap;\" ><div class=\"fusion-builder-row fusion-row\"><div class=\"fusion-layout-column fusion_builder_column fusion-builder-column-10 fusion_builder_column_1_1 1_1 fusion-one-full fusion-column-first fusion-column-last\" style=\"--awb-bg-size:cover;--awb-margin-bottom:0px;\"><div class=\"fusion-column-wrapper fusion-flex-column-wrapper-legacy\"><div class=\"fusion-text fusion-text-6\"><\/div><div class=\"fusion-clearfix\"><\/div><\/div><\/div><\/div><\/div><\/p>\n","protected":false},"excerpt":{"rendered":"","protected":false},"author":1,"featured_media":0,"parent":0,"menu_order":0,"comment_status":"closed","ping_status":"closed","template":"100-width.php","meta":{"footnotes":""},"class_list":["post-4021","page","type-page","status-publish","hentry"],"yoast_head":"<!-- This site is optimized with the Yoast SEO plugin v27.4 - https:\/\/yoast.com\/product\/yoast-seo-wordpress\/ -->\n<title>Histoire - ANGELONI SRL<\/title>\n<meta name=\"robots\" content=\"index, follow, max-snippet:-1, max-image-preview:large, max-video-preview:-1\" \/>\n<link rel=\"canonical\" href=\"https:\/\/www.angeloniweb.it\/fr\/histoire\/\" \/>\n<meta property=\"og:locale\" content=\"fr_FR\" \/>\n<meta property=\"og:type\" content=\"article\" \/>\n<meta property=\"og:title\" content=\"Histoire - ANGELONI SRL\" \/>\n<meta property=\"og:url\" content=\"https:\/\/www.angeloniweb.it\/fr\/histoire\/\" \/>\n<meta property=\"og:site_name\" content=\"ANGELONI SRL\" \/>\n<meta property=\"article:modified_time\" content=\"2018-03-27T10:53:53+00:00\" \/>\n<meta name=\"twitter:card\" content=\"summary_large_image\" \/>\n<meta name=\"twitter:label1\" content=\"Dur\u00e9e de lecture estim\u00e9e\" \/>\n\t<meta name=\"twitter:data1\" content=\"11 minutes\" \/>\n<script type=\"application\/ld+json\" class=\"yoast-schema-graph\">{\"@context\":\"https:\\\/\\\/schema.org\",\"@graph\":[{\"@type\":\"WebPage\",\"@id\":\"https:\\\/\\\/www.angeloniweb.it\\\/fr\\\/histoire\\\/\",\"url\":\"https:\\\/\\\/www.angeloniweb.it\\\/fr\\\/histoire\\\/\",\"name\":\"Histoire - ANGELONI SRL\",\"isPartOf\":{\"@id\":\"https:\\\/\\\/www.angeloniweb.it\\\/fr\\\/#website\"},\"datePublished\":\"2017-10-04T15:09:22+00:00\",\"dateModified\":\"2018-03-27T10:53:53+00:00\",\"breadcrumb\":{\"@id\":\"https:\\\/\\\/www.angeloniweb.it\\\/fr\\\/histoire\\\/#breadcrumb\"},\"inLanguage\":\"fr-FR\",\"potentialAction\":[{\"@type\":\"ReadAction\",\"target\":[\"https:\\\/\\\/www.angeloniweb.it\\\/fr\\\/histoire\\\/\"]}]},{\"@type\":\"BreadcrumbList\",\"@id\":\"https:\\\/\\\/www.angeloniweb.it\\\/fr\\\/histoire\\\/#breadcrumb\",\"itemListElement\":[{\"@type\":\"ListItem\",\"position\":1,\"name\":\"Home\",\"item\":\"https:\\\/\\\/www.angeloniweb.it\\\/fr\\\/\"},{\"@type\":\"ListItem\",\"position\":2,\"name\":\"Histoire\"}]},{\"@type\":\"WebSite\",\"@id\":\"https:\\\/\\\/www.angeloniweb.it\\\/fr\\\/#website\",\"url\":\"https:\\\/\\\/www.angeloniweb.it\\\/fr\\\/\",\"name\":\"ANGELONI SRL\",\"description\":\"Macchine Agricole\",\"publisher\":{\"@id\":\"https:\\\/\\\/www.angeloniweb.it\\\/fr\\\/#organization\"},\"potentialAction\":[{\"@type\":\"SearchAction\",\"target\":{\"@type\":\"EntryPoint\",\"urlTemplate\":\"https:\\\/\\\/www.angeloniweb.it\\\/fr\\\/?s={search_term_string}\"},\"query-input\":{\"@type\":\"PropertyValueSpecification\",\"valueRequired\":true,\"valueName\":\"search_term_string\"}}],\"inLanguage\":\"fr-FR\"},{\"@type\":\"Organization\",\"@id\":\"https:\\\/\\\/www.angeloniweb.it\\\/fr\\\/#organization\",\"name\":\"Angeloni Srl\",\"url\":\"https:\\\/\\\/www.angeloniweb.it\\\/fr\\\/\",\"logo\":{\"@type\":\"ImageObject\",\"inLanguage\":\"fr-FR\",\"@id\":\"https:\\\/\\\/www.angeloniweb.it\\\/fr\\\/#\\\/schema\\\/logo\\\/image\\\/\",\"url\":\"https:\\\/\\\/www.angeloniweb.it\\\/wp-content\\\/uploads\\\/2017\\\/11\\\/logo_pdf.png\",\"contentUrl\":\"https:\\\/\\\/www.angeloniweb.it\\\/wp-content\\\/uploads\\\/2017\\\/11\\\/logo_pdf.png\",\"width\":200,\"height\":49,\"caption\":\"Angeloni Srl\"},\"image\":{\"@id\":\"https:\\\/\\\/www.angeloniweb.it\\\/fr\\\/#\\\/schema\\\/logo\\\/image\\\/\"},\"sameAs\":[\"https:\\\/\\\/www.youtube.com\\\/channel\\\/UCCzeJGF_kigS6siFMLuuKxQ\"]}]}<\/script>\n<!-- \/ Yoast SEO plugin. -->","yoast_head_json":{"title":"Histoire - ANGELONI SRL","robots":{"index":"index","follow":"follow","max-snippet":"max-snippet:-1","max-image-preview":"max-image-preview:large","max-video-preview":"max-video-preview:-1"},"canonical":"https:\/\/www.angeloniweb.it\/fr\/histoire\/","og_locale":"fr_FR","og_type":"article","og_title":"Histoire - ANGELONI SRL","og_url":"https:\/\/www.angeloniweb.it\/fr\/histoire\/","og_site_name":"ANGELONI SRL","article_modified_time":"2018-03-27T10:53:53+00:00","twitter_card":"summary_large_image","twitter_misc":{"Dur\u00e9e de lecture estim\u00e9e":"11 minutes"},"schema":{"@context":"https:\/\/schema.org","@graph":[{"@type":"WebPage","@id":"https:\/\/www.angeloniweb.it\/fr\/histoire\/","url":"https:\/\/www.angeloniweb.it\/fr\/histoire\/","name":"Histoire - ANGELONI SRL","isPartOf":{"@id":"https:\/\/www.angeloniweb.it\/fr\/#website"},"datePublished":"2017-10-04T15:09:22+00:00","dateModified":"2018-03-27T10:53:53+00:00","breadcrumb":{"@id":"https:\/\/www.angeloniweb.it\/fr\/histoire\/#breadcrumb"},"inLanguage":"fr-FR","potentialAction":[{"@type":"ReadAction","target":["https:\/\/www.angeloniweb.it\/fr\/histoire\/"]}]},{"@type":"BreadcrumbList","@id":"https:\/\/www.angeloniweb.it\/fr\/histoire\/#breadcrumb","itemListElement":[{"@type":"ListItem","position":1,"name":"Home","item":"https:\/\/www.angeloniweb.it\/fr\/"},{"@type":"ListItem","position":2,"name":"Histoire"}]},{"@type":"WebSite","@id":"https:\/\/www.angeloniweb.it\/fr\/#website","url":"https:\/\/www.angeloniweb.it\/fr\/","name":"ANGELONI SRL","description":"Macchine Agricole","publisher":{"@id":"https:\/\/www.angeloniweb.it\/fr\/#organization"},"potentialAction":[{"@type":"SearchAction","target":{"@type":"EntryPoint","urlTemplate":"https:\/\/www.angeloniweb.it\/fr\/?s={search_term_string}"},"query-input":{"@type":"PropertyValueSpecification","valueRequired":true,"valueName":"search_term_string"}}],"inLanguage":"fr-FR"},{"@type":"Organization","@id":"https:\/\/www.angeloniweb.it\/fr\/#organization","name":"Angeloni Srl","url":"https:\/\/www.angeloniweb.it\/fr\/","logo":{"@type":"ImageObject","inLanguage":"fr-FR","@id":"https:\/\/www.angeloniweb.it\/fr\/#\/schema\/logo\/image\/","url":"https:\/\/www.angeloniweb.it\/wp-content\/uploads\/2017\/11\/logo_pdf.png","contentUrl":"https:\/\/www.angeloniweb.it\/wp-content\/uploads\/2017\/11\/logo_pdf.png","width":200,"height":49,"caption":"Angeloni Srl"},"image":{"@id":"https:\/\/www.angeloniweb.it\/fr\/#\/schema\/logo\/image\/"},"sameAs":["https:\/\/www.youtube.com\/channel\/UCCzeJGF_kigS6siFMLuuKxQ"]}]}},"_links":{"self":[{"href":"https:\/\/www.angeloniweb.it\/fr\/wp-json\/wp\/v2\/pages\/4021","targetHints":{"allow":["GET"]}}],"collection":[{"href":"https:\/\/www.angeloniweb.it\/fr\/wp-json\/wp\/v2\/pages"}],"about":[{"href":"https:\/\/www.angeloniweb.it\/fr\/wp-json\/wp\/v2\/types\/page"}],"author":[{"embeddable":true,"href":"https:\/\/www.angeloniweb.it\/fr\/wp-json\/wp\/v2\/users\/1"}],"replies":[{"embeddable":true,"href":"https:\/\/www.angeloniweb.it\/fr\/wp-json\/wp\/v2\/comments?post=4021"}],"version-history":[{"count":4,"href":"https:\/\/www.angeloniweb.it\/fr\/wp-json\/wp\/v2\/pages\/4021\/revisions"}],"predecessor-version":[{"id":4185,"href":"https:\/\/www.angeloniweb.it\/fr\/wp-json\/wp\/v2\/pages\/4021\/revisions\/4185"}],"wp:attachment":[{"href":"https:\/\/www.angeloniweb.it\/fr\/wp-json\/wp\/v2\/media?parent=4021"}],"curies":[{"name":"wp","href":"https:\/\/api.w.org\/{rel}","templated":true}]}}