{"id":3821,"date":"2017-11-07T12:06:37","date_gmt":"2017-11-07T11:06:37","guid":{"rendered":"https:\/\/www.angeloniweb.it\/?page_id=3821"},"modified":"2022-10-26T13:21:52","modified_gmt":"2022-10-26T11:21:52","slug":"serie-zp","status":"publish","type":"page","link":"https:\/\/www.angeloniweb.it\/fr\/produits\/traitements-au-sol\/divers-equipement\/serie-zp\/","title":{"rendered":"S\u00e9rie ZP"},"content":{"rendered":"<div class=\"fusion-fullwidth fullwidth-box fusion-builder-row-1 nonhundred-percent-fullwidth non-hundred-percent-height-scrolling\" style=\"--awb-border-radius-top-left:0px;--awb-border-radius-top-right:0px;--awb-border-radius-bottom-right:0px;--awb-border-radius-bottom-left:0px;--awb-flex-wrap:wrap;\" ><div class=\"fusion-builder-row fusion-row\"><div class=\"fusion-layout-column fusion_builder_column fusion-builder-column-0 fusion_builder_column_4_5 4_5 fusion-four-fifth fusion-column-first\" style=\"--awb-bg-size:cover;width:80%;width:calc(80% - ( ( 4% ) * 0.8 ) );margin-right: 4%;\"><div class=\"fusion-column-wrapper fusion-flex-column-wrapper-legacy\"><div class=\"fusion-title title fusion-title-1 fusion-sep-none fusion-title-text fusion-title-size-one\" style=\"--awb-margin-bottom:40px;--awb-margin-top-small:10px;--awb-margin-right-small:0px;--awb-margin-bottom-small:10px;--awb-margin-left-small:0px;\"><h1 class=\"fusion-title-heading title-heading-left\" style=\"margin:0;\">Herses \u00e0 pointes \u00e0 trois sections port\u00e9es<\/h1><\/div><div class=\"fusion-image-element in-legacy-container\" style=\"--awb-caption-title-font-family:var(--h2_typography-font-family);--awb-caption-title-font-weight:var(--h2_typography-font-weight);--awb-caption-title-font-style:var(--h2_typography-font-style);--awb-caption-title-size:var(--h2_typography-font-size);--awb-caption-title-transform:var(--h2_typography-text-transform);--awb-caption-title-line-height:var(--h2_typography-line-height);--awb-caption-title-letter-spacing:var(--h2_typography-letter-spacing);\"><span class=\" fusion-imageframe imageframe-none imageframe-1 hover-type-none\"><img decoding=\"async\" width=\"750\" height=\"400\" title=\"zp\" src=\"https:\/\/www.angeloniweb.it\/wp-content\/uploads\/2017\/11\/zp.jpg\" alt class=\"img-responsive wp-image-3824\" srcset=\"https:\/\/www.angeloniweb.it\/wp-content\/uploads\/2017\/11\/zp-200x107.jpg 200w, https:\/\/www.angeloniweb.it\/wp-content\/uploads\/2017\/11\/zp-400x213.jpg 400w, https:\/\/www.angeloniweb.it\/wp-content\/uploads\/2017\/11\/zp-600x320.jpg 600w, https:\/\/www.angeloniweb.it\/wp-content\/uploads\/2017\/11\/zp.jpg 750w\" sizes=\"(max-width: 1030px) 100vw, 750px\" \/><\/span><\/div><div class=\"fusion-sep-clear\"><\/div><div class=\"fusion-separator fusion-full-width-sep\" style=\"margin-left: auto;margin-right: auto;margin-top:20px;margin-bottom:20px;width:100%;\"><\/div><div class=\"fusion-sep-clear\"><\/div><div class=\"fusion-sep-clear\"><\/div><div class=\"fusion-separator fusion-full-width-sep\" style=\"margin-left: auto;margin-right: auto;margin-top:0px;margin-bottom:20px;width:100%;\"><div class=\"fusion-separator-border sep-single sep-solid\" style=\"--awb-height:20px;--awb-amount:20px;--awb-sep-color:#999797;border-color:#999797;border-top-width:2px;\"><\/div><\/div><div class=\"fusion-sep-clear\"><\/div><div class=\"fusion-image-element in-legacy-container\" style=\"--awb-caption-title-font-family:var(--h2_typography-font-family);--awb-caption-title-font-weight:var(--h2_typography-font-weight);--awb-caption-title-font-style:var(--h2_typography-font-style);--awb-caption-title-size:var(--h2_typography-font-size);--awb-caption-title-transform:var(--h2_typography-text-transform);--awb-caption-title-line-height:var(--h2_typography-line-height);--awb-caption-title-letter-spacing:var(--h2_typography-letter-spacing);\"><span class=\" fusion-imageframe imageframe-none imageframe-2 hover-type-none\"><a href=\"https:\/\/www.angeloniweb.it\/wp-content\/uploads\/2022\/10\/tec-zp.png\" class=\"fusion-lightbox\" data-rel=\"iLightbox[891deb5a5aaa88b115e]\" data-title=\"tec-zp\" title=\"tec-zp\"><img decoding=\"async\" width=\"562\" height=\"322\" src=\"https:\/\/www.angeloniweb.it\/wp-content\/uploads\/2022\/10\/tec-zp.png\" alt class=\"img-responsive wp-image-5379\" srcset=\"https:\/\/www.angeloniweb.it\/wp-content\/uploads\/2022\/10\/tec-zp-200x115.png 200w, https:\/\/www.angeloniweb.it\/wp-content\/uploads\/2022\/10\/tec-zp-400x229.png 400w, https:\/\/www.angeloniweb.it\/wp-content\/uploads\/2022\/10\/tec-zp.png 562w\" sizes=\"(max-width: 1030px) 100vw, 562px\" \/><\/a><\/span><\/div><div class=\"fusion-sep-clear\"><\/div><div class=\"fusion-separator fusion-full-width-sep\" style=\"margin-left: auto;margin-right: auto;margin-top:20px;margin-bottom:20px;width:100%;\"><\/div><div class=\"fusion-sep-clear\"><\/div><div class=\"fusion-clearfix\"><\/div><\/div><\/div><div class=\"fusion-layout-column fusion_builder_column fusion-builder-column-1 fusion_builder_column_1_5 1_5 fusion-one-fifth fusion-column-last\" style=\"--awb-bg-size:cover;--awb-margin-top:50px;width:20%;width:calc(20% - ( ( 4% ) * 0.2 ) );\"><div class=\"fusion-column-wrapper fusion-flex-column-wrapper-legacy\"><div class=\"fusion-title title fusion-title-2 fusion-sep-none fusion-title-text fusion-title-size-one title-menu-prodotti\" style=\"--awb-margin-top-small:10px;--awb-margin-right-small:0px;--awb-margin-bottom-small:10px;--awb-margin-left-small:0px;\"><h1 class=\"fusion-title-heading title-heading-left\" style=\"margin:0;\">Divers \u00e9quipement<\/h1><\/div><div class=\"fusion-widget-area awb-widget-area-element fusion-widget-area-1 fusion-content-widget-area\" style=\"--awb-title-size:;--awb-title-color:#ea6300;--awb-padding:0px 0px 0px 0px;\"><div id=\"nav_menu-37\" class=\"widget widget_nav_menu\"><div class=\"menu-divers-equipement-container\"><ul id=\"menu-divers-equipement\" class=\"menu\"><li id=\"menu-item-3856\" class=\"menu-item menu-item-type-post_type menu-item-object-page menu-item-3856\"><a href=\"https:\/\/www.angeloniweb.it\/fr\/produits\/traitements-au-sol\/divers-equipement\/serie-gph1000\/\">S\u00e9rie GPH1000<\/a><\/li>\n<li id=\"menu-item-5459\" class=\"menu-item menu-item-type-post_type menu-item-object-page menu-item-5459\"><a href=\"https:\/\/www.angeloniweb.it\/fr\/produits\/traitements-au-sol\/divers-equipement\/serie-dg-entry\/\">S\u00e9rie DG ENTRY<\/a><\/li>\n<li id=\"menu-item-5458\" class=\"menu-item menu-item-type-post_type menu-item-object-page menu-item-5458\"><a href=\"https:\/\/www.angeloniweb.it\/fr\/produits\/traitements-au-sol\/divers-equipement\/serie-dg-pro\/\">S\u00e9rie DG PRO<\/a><\/li>\n<li id=\"menu-item-5457\" class=\"menu-item menu-item-type-post_type menu-item-object-page menu-item-5457\"><a href=\"https:\/\/www.angeloniweb.it\/fr\/produits\/traitements-au-sol\/divers-equipement\/serie-dg-fruit\/\">S\u00e9rie DG FRUIT<\/a><\/li>\n<li id=\"menu-item-5460\" class=\"menu-item menu-item-type-post_type menu-item-object-page menu-item-5460\"><a href=\"https:\/\/www.angeloniweb.it\/fr\/produits\/traitements-au-sol\/divers-equipement\/serie-mono-400\/\">S\u00e9rie MONO 400<\/a><\/li>\n<li id=\"menu-item-3855\" class=\"menu-item menu-item-type-post_type menu-item-object-page menu-item-3855\"><a href=\"https:\/\/www.angeloniweb.it\/fr\/produits\/traitements-au-sol\/divers-equipement\/serie-rpt\/\">S\u00e9rie RPT<\/a><\/li>\n<li id=\"menu-item-3858\" class=\"menu-item menu-item-type-post_type menu-item-object-page menu-item-3858\"><a href=\"https:\/\/www.angeloniweb.it\/fr\/produits\/traitements-au-sol\/divers-equipement\/serie-rpth\/\">S\u00e9rie RPTH<\/a><\/li>\n<li id=\"menu-item-3859\" class=\"menu-item menu-item-type-post_type menu-item-object-page menu-item-3859\"><a href=\"https:\/\/www.angeloniweb.it\/fr\/produits\/traitements-au-sol\/divers-equipement\/serie-rpthg\/\">S\u00e9rie RPTHG<\/a><\/li>\n<li id=\"menu-item-3853\" class=\"menu-item menu-item-type-post_type menu-item-object-page menu-item-3853\"><a href=\"https:\/\/www.angeloniweb.it\/fr\/produits\/traitements-au-sol\/divers-equipement\/serie-rptg\/\">S\u00e9rie RPTG<\/a><\/li>\n<li id=\"menu-item-3852\" class=\"menu-item menu-item-type-post_type menu-item-object-page menu-item-3852\"><a href=\"https:\/\/www.angeloniweb.it\/fr\/produits\/traitements-au-sol\/divers-equipement\/serie-rthg\/\">S\u00e9rie RTHG<\/a><\/li>\n<li id=\"menu-item-3851\" class=\"menu-item menu-item-type-post_type menu-item-object-page menu-item-3851\"><a href=\"https:\/\/www.angeloniweb.it\/fr\/produits\/traitements-au-sol\/divers-equipement\/serie-rtgt\/\">S\u00e9rie RTGT<\/a><\/li>\n<li id=\"menu-item-3849\" class=\"menu-item menu-item-type-post_type menu-item-object-page menu-item-3849\"><a href=\"https:\/\/www.angeloniweb.it\/fr\/produits\/traitements-au-sol\/divers-equipement\/serie-rl-lourd\/\">S\u00e9rie RL Lourd<\/a><\/li>\n<li id=\"menu-item-3847\" class=\"menu-item menu-item-type-post_type menu-item-object-page menu-item-3847\"><a href=\"https:\/\/www.angeloniweb.it\/fr\/produits\/traitements-au-sol\/divers-equipement\/serie-zp\/\">S\u00e9rie ZP<\/a><\/li>\n<li id=\"menu-item-3846\" class=\"menu-item menu-item-type-post_type menu-item-object-page menu-item-3846\"><a href=\"https:\/\/www.angeloniweb.it\/fr\/produits\/traitements-au-sol\/divers-equipement\/serie-sr\/\">S\u00e9rie SR<\/a><\/li>\n<li id=\"menu-item-3845\" class=\"menu-item menu-item-type-post_type menu-item-object-page menu-item-3845\"><a href=\"https:\/\/www.angeloniweb.it\/fr\/produits\/traitements-au-sol\/divers-equipement\/serie-as\/\">S\u00e9rie AS<\/a><\/li>\n<\/ul><\/div><\/div><div class=\"fusion-additional-widget-content\"><\/div><\/div><div class=\"fusion-clearfix\"><\/div><\/div><\/div><\/div><\/div>\n","protected":false},"excerpt":{"rendered":"","protected":false},"author":1,"featured_media":0,"parent":3738,"menu_order":0,"comment_status":"closed","ping_status":"closed","template":"100-width.php","meta":{"footnotes":""},"class_list":["post-3821","page","type-page","status-publish","hentry"],"yoast_head":"<!-- This site is optimized with the Yoast SEO plugin v27.3 - https:\/\/yoast.com\/product\/yoast-seo-wordpress\/ -->\n<title>S\u00e9rie ZP - ANGELONI SRL<\/title>\n<meta name=\"robots\" content=\"index, follow, max-snippet:-1, max-image-preview:large, max-video-preview:-1\" \/>\n<link rel=\"canonical\" href=\"https:\/\/www.angeloniweb.it\/fr\/produits\/traitements-au-sol\/divers-equipement\/serie-zp\/\" \/>\n<meta property=\"og:locale\" content=\"fr_FR\" \/>\n<meta property=\"og:type\" content=\"article\" \/>\n<meta property=\"og:title\" content=\"S\u00e9rie ZP - ANGELONI SRL\" \/>\n<meta property=\"og:url\" content=\"https:\/\/www.angeloniweb.it\/fr\/produits\/traitements-au-sol\/divers-equipement\/serie-zp\/\" \/>\n<meta property=\"og:site_name\" content=\"ANGELONI SRL\" \/>\n<meta property=\"article:modified_time\" content=\"2022-10-26T11:21:52+00:00\" \/>\n<meta name=\"twitter:card\" content=\"summary_large_image\" \/>\n<meta name=\"twitter:label1\" content=\"Dur\u00e9e de lecture estim\u00e9e\" \/>\n\t<meta name=\"twitter:data1\" content=\"2 minutes\" \/>\n<script type=\"application\/ld+json\" class=\"yoast-schema-graph\">{\"@context\":\"https:\\\/\\\/schema.org\",\"@graph\":[{\"@type\":\"WebPage\",\"@id\":\"https:\\\/\\\/www.angeloniweb.it\\\/fr\\\/produits\\\/traitements-au-sol\\\/divers-equipement\\\/serie-zp\\\/\",\"url\":\"https:\\\/\\\/www.angeloniweb.it\\\/fr\\\/produits\\\/traitements-au-sol\\\/divers-equipement\\\/serie-zp\\\/\",\"name\":\"S\u00e9rie ZP - ANGELONI SRL\",\"isPartOf\":{\"@id\":\"https:\\\/\\\/www.angeloniweb.it\\\/fr\\\/#website\"},\"datePublished\":\"2017-11-07T11:06:37+00:00\",\"dateModified\":\"2022-10-26T11:21:52+00:00\",\"breadcrumb\":{\"@id\":\"https:\\\/\\\/www.angeloniweb.it\\\/fr\\\/produits\\\/traitements-au-sol\\\/divers-equipement\\\/serie-zp\\\/#breadcrumb\"},\"inLanguage\":\"fr-FR\",\"potentialAction\":[{\"@type\":\"ReadAction\",\"target\":[\"https:\\\/\\\/www.angeloniweb.it\\\/fr\\\/produits\\\/traitements-au-sol\\\/divers-equipement\\\/serie-zp\\\/\"]}]},{\"@type\":\"BreadcrumbList\",\"@id\":\"https:\\\/\\\/www.angeloniweb.it\\\/fr\\\/produits\\\/traitements-au-sol\\\/divers-equipement\\\/serie-zp\\\/#breadcrumb\",\"itemListElement\":[{\"@type\":\"ListItem\",\"position\":1,\"name\":\"Home\",\"item\":\"https:\\\/\\\/www.angeloniweb.it\\\/fr\\\/\"},{\"@type\":\"ListItem\",\"position\":2,\"name\":\"Produits\",\"item\":\"https:\\\/\\\/www.angeloniweb.it\\\/fr\\\/produits\\\/\"},{\"@type\":\"ListItem\",\"position\":3,\"name\":\"Traitements au sol\",\"item\":\"https:\\\/\\\/www.angeloniweb.it\\\/fr\\\/produits\\\/traitements-au-sol\\\/\"},{\"@type\":\"ListItem\",\"position\":4,\"name\":\"Divers equipement\",\"item\":\"https:\\\/\\\/www.angeloniweb.it\\\/fr\\\/produits\\\/traitements-au-sol\\\/divers-equipement\\\/\"},{\"@type\":\"ListItem\",\"position\":5,\"name\":\"S\u00e9rie ZP\"}]},{\"@type\":\"WebSite\",\"@id\":\"https:\\\/\\\/www.angeloniweb.it\\\/fr\\\/#website\",\"url\":\"https:\\\/\\\/www.angeloniweb.it\\\/fr\\\/\",\"name\":\"ANGELONI SRL\",\"description\":\"Macchine Agricole\",\"publisher\":{\"@id\":\"https:\\\/\\\/www.angeloniweb.it\\\/fr\\\/#organization\"},\"potentialAction\":[{\"@type\":\"SearchAction\",\"target\":{\"@type\":\"EntryPoint\",\"urlTemplate\":\"https:\\\/\\\/www.angeloniweb.it\\\/fr\\\/?s={search_term_string}\"},\"query-input\":{\"@type\":\"PropertyValueSpecification\",\"valueRequired\":true,\"valueName\":\"search_term_string\"}}],\"inLanguage\":\"fr-FR\"},{\"@type\":\"Organization\",\"@id\":\"https:\\\/\\\/www.angeloniweb.it\\\/fr\\\/#organization\",\"name\":\"Angeloni Srl\",\"url\":\"https:\\\/\\\/www.angeloniweb.it\\\/fr\\\/\",\"logo\":{\"@type\":\"ImageObject\",\"inLanguage\":\"fr-FR\",\"@id\":\"https:\\\/\\\/www.angeloniweb.it\\\/fr\\\/#\\\/schema\\\/logo\\\/image\\\/\",\"url\":\"https:\\\/\\\/www.angeloniweb.it\\\/wp-content\\\/uploads\\\/2017\\\/11\\\/logo_pdf.png\",\"contentUrl\":\"https:\\\/\\\/www.angeloniweb.it\\\/wp-content\\\/uploads\\\/2017\\\/11\\\/logo_pdf.png\",\"width\":200,\"height\":49,\"caption\":\"Angeloni Srl\"},\"image\":{\"@id\":\"https:\\\/\\\/www.angeloniweb.it\\\/fr\\\/#\\\/schema\\\/logo\\\/image\\\/\"},\"sameAs\":[\"https:\\\/\\\/www.youtube.com\\\/channel\\\/UCCzeJGF_kigS6siFMLuuKxQ\"]}]}<\/script>\n<!-- \/ Yoast SEO plugin. -->","yoast_head_json":{"title":"S\u00e9rie ZP - ANGELONI SRL","robots":{"index":"index","follow":"follow","max-snippet":"max-snippet:-1","max-image-preview":"max-image-preview:large","max-video-preview":"max-video-preview:-1"},"canonical":"https:\/\/www.angeloniweb.it\/fr\/produits\/traitements-au-sol\/divers-equipement\/serie-zp\/","og_locale":"fr_FR","og_type":"article","og_title":"S\u00e9rie ZP - ANGELONI SRL","og_url":"https:\/\/www.angeloniweb.it\/fr\/produits\/traitements-au-sol\/divers-equipement\/serie-zp\/","og_site_name":"ANGELONI SRL","article_modified_time":"2022-10-26T11:21:52+00:00","twitter_card":"summary_large_image","twitter_misc":{"Dur\u00e9e de lecture estim\u00e9e":"2 minutes"},"schema":{"@context":"https:\/\/schema.org","@graph":[{"@type":"WebPage","@id":"https:\/\/www.angeloniweb.it\/fr\/produits\/traitements-au-sol\/divers-equipement\/serie-zp\/","url":"https:\/\/www.angeloniweb.it\/fr\/produits\/traitements-au-sol\/divers-equipement\/serie-zp\/","name":"S\u00e9rie ZP - ANGELONI SRL","isPartOf":{"@id":"https:\/\/www.angeloniweb.it\/fr\/#website"},"datePublished":"2017-11-07T11:06:37+00:00","dateModified":"2022-10-26T11:21:52+00:00","breadcrumb":{"@id":"https:\/\/www.angeloniweb.it\/fr\/produits\/traitements-au-sol\/divers-equipement\/serie-zp\/#breadcrumb"},"inLanguage":"fr-FR","potentialAction":[{"@type":"ReadAction","target":["https:\/\/www.angeloniweb.it\/fr\/produits\/traitements-au-sol\/divers-equipement\/serie-zp\/"]}]},{"@type":"BreadcrumbList","@id":"https:\/\/www.angeloniweb.it\/fr\/produits\/traitements-au-sol\/divers-equipement\/serie-zp\/#breadcrumb","itemListElement":[{"@type":"ListItem","position":1,"name":"Home","item":"https:\/\/www.angeloniweb.it\/fr\/"},{"@type":"ListItem","position":2,"name":"Produits","item":"https:\/\/www.angeloniweb.it\/fr\/produits\/"},{"@type":"ListItem","position":3,"name":"Traitements au sol","item":"https:\/\/www.angeloniweb.it\/fr\/produits\/traitements-au-sol\/"},{"@type":"ListItem","position":4,"name":"Divers equipement","item":"https:\/\/www.angeloniweb.it\/fr\/produits\/traitements-au-sol\/divers-equipement\/"},{"@type":"ListItem","position":5,"name":"S\u00e9rie ZP"}]},{"@type":"WebSite","@id":"https:\/\/www.angeloniweb.it\/fr\/#website","url":"https:\/\/www.angeloniweb.it\/fr\/","name":"ANGELONI SRL","description":"Macchine Agricole","publisher":{"@id":"https:\/\/www.angeloniweb.it\/fr\/#organization"},"potentialAction":[{"@type":"SearchAction","target":{"@type":"EntryPoint","urlTemplate":"https:\/\/www.angeloniweb.it\/fr\/?s={search_term_string}"},"query-input":{"@type":"PropertyValueSpecification","valueRequired":true,"valueName":"search_term_string"}}],"inLanguage":"fr-FR"},{"@type":"Organization","@id":"https:\/\/www.angeloniweb.it\/fr\/#organization","name":"Angeloni Srl","url":"https:\/\/www.angeloniweb.it\/fr\/","logo":{"@type":"ImageObject","inLanguage":"fr-FR","@id":"https:\/\/www.angeloniweb.it\/fr\/#\/schema\/logo\/image\/","url":"https:\/\/www.angeloniweb.it\/wp-content\/uploads\/2017\/11\/logo_pdf.png","contentUrl":"https:\/\/www.angeloniweb.it\/wp-content\/uploads\/2017\/11\/logo_pdf.png","width":200,"height":49,"caption":"Angeloni Srl"},"image":{"@id":"https:\/\/www.angeloniweb.it\/fr\/#\/schema\/logo\/image\/"},"sameAs":["https:\/\/www.youtube.com\/channel\/UCCzeJGF_kigS6siFMLuuKxQ"]}]}},"_links":{"self":[{"href":"https:\/\/www.angeloniweb.it\/fr\/wp-json\/wp\/v2\/pages\/3821","targetHints":{"allow":["GET"]}}],"collection":[{"href":"https:\/\/www.angeloniweb.it\/fr\/wp-json\/wp\/v2\/pages"}],"about":[{"href":"https:\/\/www.angeloniweb.it\/fr\/wp-json\/wp\/v2\/types\/page"}],"author":[{"embeddable":true,"href":"https:\/\/www.angeloniweb.it\/fr\/wp-json\/wp\/v2\/users\/1"}],"replies":[{"embeddable":true,"href":"https:\/\/www.angeloniweb.it\/fr\/wp-json\/wp\/v2\/comments?post=3821"}],"version-history":[{"count":4,"href":"https:\/\/www.angeloniweb.it\/fr\/wp-json\/wp\/v2\/pages\/3821\/revisions"}],"predecessor-version":[{"id":5394,"href":"https:\/\/www.angeloniweb.it\/fr\/wp-json\/wp\/v2\/pages\/3821\/revisions\/5394"}],"up":[{"embeddable":true,"href":"https:\/\/www.angeloniweb.it\/fr\/wp-json\/wp\/v2\/pages\/3738"}],"wp:attachment":[{"href":"https:\/\/www.angeloniweb.it\/fr\/wp-json\/wp\/v2\/media?parent=3821"}],"curies":[{"name":"wp","href":"https:\/\/api.w.org\/{rel}","templated":true}]}}