{"id":3686,"date":"2017-11-03T12:05:44","date_gmt":"2017-11-03T11:05:44","guid":{"rendered":"https:\/\/www.angeloniweb.it\/?page_id=3686"},"modified":"2022-10-21T15:25:20","modified_gmt":"2022-10-21T13:25:20","slug":"serie-dp-breaker","status":"publish","type":"page","link":"https:\/\/www.angeloniweb.it\/fr\/produits\/traitements-au-sol\/sous-soleuses\/serie-dp-breaker\/","title":{"rendered":"S\u00e9rie DP-Breaker"},"content":{"rendered":"<div class=\"fusion-fullwidth fullwidth-box fusion-builder-row-1 nonhundred-percent-fullwidth non-hundred-percent-height-scrolling\" style=\"--awb-border-radius-top-left:0px;--awb-border-radius-top-right:0px;--awb-border-radius-bottom-right:0px;--awb-border-radius-bottom-left:0px;--awb-flex-wrap:wrap;\" ><div class=\"fusion-builder-row fusion-row\"><div class=\"fusion-layout-column fusion_builder_column fusion-builder-column-0 fusion_builder_column_4_5 4_5 fusion-four-fifth fusion-column-first\" style=\"--awb-bg-size:cover;width:80%;width:calc(80% - ( ( 4% ) * 0.8 ) );margin-right: 4%;\"><div class=\"fusion-column-wrapper fusion-flex-column-wrapper-legacy\"><div class=\"fusion-title title fusion-title-1 fusion-sep-none fusion-title-text fusion-title-size-one\" style=\"--awb-margin-bottom:40px;--awb-margin-top-small:10px;--awb-margin-right-small:0px;--awb-margin-bottom-small:10px;--awb-margin-left-small:0px;\"><h1 class=\"fusion-title-heading title-heading-left\" style=\"margin:0;\">Sous soleuses avec boulon de s\u00e9curit\u00e9<\/h1><\/div><div class=\"fusion-image-element in-legacy-container\" style=\"--awb-caption-title-font-family:var(--h2_typography-font-family);--awb-caption-title-font-weight:var(--h2_typography-font-weight);--awb-caption-title-font-style:var(--h2_typography-font-style);--awb-caption-title-size:var(--h2_typography-font-size);--awb-caption-title-transform:var(--h2_typography-text-transform);--awb-caption-title-line-height:var(--h2_typography-line-height);--awb-caption-title-letter-spacing:var(--h2_typography-letter-spacing);\"><span class=\" fusion-imageframe imageframe-none imageframe-1 hover-type-none\"><img decoding=\"async\" width=\"800\" height=\"600\" title=\"breaker-1\" src=\"https:\/\/www.angeloniweb.it\/wp-content\/uploads\/2022\/10\/breaker-1.jpg\" alt class=\"img-responsive wp-image-4929\" srcset=\"https:\/\/www.angeloniweb.it\/wp-content\/uploads\/2022\/10\/breaker-1-200x150.jpg 200w, https:\/\/www.angeloniweb.it\/wp-content\/uploads\/2022\/10\/breaker-1-400x300.jpg 400w, https:\/\/www.angeloniweb.it\/wp-content\/uploads\/2022\/10\/breaker-1-600x450.jpg 600w, https:\/\/www.angeloniweb.it\/wp-content\/uploads\/2022\/10\/breaker-1.jpg 800w\" sizes=\"(max-width: 1030px) 100vw, 800px\" \/><\/span><\/div><div class=\"fusion-image-element in-legacy-container\" style=\"--awb-caption-title-font-family:var(--h2_typography-font-family);--awb-caption-title-font-weight:var(--h2_typography-font-weight);--awb-caption-title-font-style:var(--h2_typography-font-style);--awb-caption-title-size:var(--h2_typography-font-size);--awb-caption-title-transform:var(--h2_typography-text-transform);--awb-caption-title-line-height:var(--h2_typography-line-height);--awb-caption-title-letter-spacing:var(--h2_typography-letter-spacing);\"><span class=\" fusion-imageframe imageframe-none imageframe-2 hover-type-none\"><img decoding=\"async\" width=\"800\" height=\"600\" title=\"breaker-2\" src=\"https:\/\/www.angeloniweb.it\/wp-content\/uploads\/2022\/10\/breaker-2.jpg\" alt class=\"img-responsive wp-image-4926\" srcset=\"https:\/\/www.angeloniweb.it\/wp-content\/uploads\/2022\/10\/breaker-2-200x150.jpg 200w, https:\/\/www.angeloniweb.it\/wp-content\/uploads\/2022\/10\/breaker-2-400x300.jpg 400w, https:\/\/www.angeloniweb.it\/wp-content\/uploads\/2022\/10\/breaker-2-600x450.jpg 600w, https:\/\/www.angeloniweb.it\/wp-content\/uploads\/2022\/10\/breaker-2.jpg 800w\" sizes=\"(max-width: 1030px) 100vw, 800px\" \/><\/span><\/div><div class=\"fusion-image-element in-legacy-container\" style=\"--awb-caption-title-font-family:var(--h2_typography-font-family);--awb-caption-title-font-weight:var(--h2_typography-font-weight);--awb-caption-title-font-style:var(--h2_typography-font-style);--awb-caption-title-size:var(--h2_typography-font-size);--awb-caption-title-transform:var(--h2_typography-text-transform);--awb-caption-title-line-height:var(--h2_typography-line-height);--awb-caption-title-letter-spacing:var(--h2_typography-letter-spacing);\"><span class=\" fusion-imageframe imageframe-none imageframe-3 hover-type-none\"><img decoding=\"async\" width=\"800\" height=\"600\" title=\"breaker-3\" src=\"https:\/\/www.angeloniweb.it\/wp-content\/uploads\/2022\/10\/breaker-3.jpg\" alt class=\"img-responsive wp-image-4923\" srcset=\"https:\/\/www.angeloniweb.it\/wp-content\/uploads\/2022\/10\/breaker-3-200x150.jpg 200w, https:\/\/www.angeloniweb.it\/wp-content\/uploads\/2022\/10\/breaker-3-400x300.jpg 400w, https:\/\/www.angeloniweb.it\/wp-content\/uploads\/2022\/10\/breaker-3-600x450.jpg 600w, https:\/\/www.angeloniweb.it\/wp-content\/uploads\/2022\/10\/breaker-3.jpg 800w\" sizes=\"(max-width: 1030px) 100vw, 800px\" \/><\/span><\/div><div class=\"fusion-image-element in-legacy-container\" style=\"--awb-caption-title-font-family:var(--h2_typography-font-family);--awb-caption-title-font-weight:var(--h2_typography-font-weight);--awb-caption-title-font-style:var(--h2_typography-font-style);--awb-caption-title-size:var(--h2_typography-font-size);--awb-caption-title-transform:var(--h2_typography-text-transform);--awb-caption-title-line-height:var(--h2_typography-line-height);--awb-caption-title-letter-spacing:var(--h2_typography-letter-spacing);\"><span class=\" fusion-imageframe imageframe-none imageframe-4 hover-type-none\"><img decoding=\"async\" width=\"800\" height=\"600\" title=\"breaker-4\" src=\"https:\/\/www.angeloniweb.it\/wp-content\/uploads\/2022\/10\/breaker-4.jpg\" alt class=\"img-responsive wp-image-4920\" srcset=\"https:\/\/www.angeloniweb.it\/wp-content\/uploads\/2022\/10\/breaker-4-200x150.jpg 200w, https:\/\/www.angeloniweb.it\/wp-content\/uploads\/2022\/10\/breaker-4-400x300.jpg 400w, https:\/\/www.angeloniweb.it\/wp-content\/uploads\/2022\/10\/breaker-4-600x450.jpg 600w, https:\/\/www.angeloniweb.it\/wp-content\/uploads\/2022\/10\/breaker-4.jpg 800w\" sizes=\"(max-width: 1030px) 100vw, 800px\" \/><\/span><\/div><div class=\"fusion-image-element in-legacy-container\" style=\"--awb-caption-title-font-family:var(--h2_typography-font-family);--awb-caption-title-font-weight:var(--h2_typography-font-weight);--awb-caption-title-font-style:var(--h2_typography-font-style);--awb-caption-title-size:var(--h2_typography-font-size);--awb-caption-title-transform:var(--h2_typography-text-transform);--awb-caption-title-line-height:var(--h2_typography-line-height);--awb-caption-title-letter-spacing:var(--h2_typography-letter-spacing);\"><span class=\" fusion-imageframe imageframe-none imageframe-5 hover-type-none\"><img decoding=\"async\" width=\"800\" height=\"600\" title=\"breaker-5\" src=\"https:\/\/www.angeloniweb.it\/wp-content\/uploads\/2022\/10\/breaker-5.jpg\" alt class=\"img-responsive wp-image-4917\" srcset=\"https:\/\/www.angeloniweb.it\/wp-content\/uploads\/2022\/10\/breaker-5-200x150.jpg 200w, https:\/\/www.angeloniweb.it\/wp-content\/uploads\/2022\/10\/breaker-5-400x300.jpg 400w, https:\/\/www.angeloniweb.it\/wp-content\/uploads\/2022\/10\/breaker-5-600x450.jpg 600w, https:\/\/www.angeloniweb.it\/wp-content\/uploads\/2022\/10\/breaker-5.jpg 800w\" sizes=\"(max-width: 1030px) 100vw, 800px\" \/><\/span><\/div><div class=\"fusion-sep-clear\"><\/div><div class=\"fusion-separator fusion-full-width-sep\" style=\"margin-left: auto;margin-right: auto;margin-top:20px;margin-bottom:20px;width:100%;\"><\/div><div class=\"fusion-sep-clear\"><\/div><div class=\"fusion-title title fusion-title-2 fusion-sep-none fusion-title-text fusion-title-size-two titoli-prodotti\" style=\"--awb-margin-top:20px;--awb-margin-bottom:0px;--awb-margin-top-small:10px;--awb-margin-right-small:0px;--awb-margin-bottom-small:10px;--awb-margin-left-small:0px;\"><h2 class=\"fusion-title-heading title-heading-left\" style=\"margin:0;\">\u00c9QUIPEMENTS DE S\u00c9RIE<\/h2><\/div><div class=\"fusion-text fusion-text-1\" style=\"--awb-text-transform:none;\"><ul class=\"linea\">\n<li>Type soud\u00e9 \u00e0 structure int\u00e9grale<\/li>\n<li>Encore \u00ab\u00a0ANGELONI BREAKER\u00a0\u00bb<\/li>\n<li>Verrou de s\u00e9curit\u00e9<\/li>\n<li>Exploseur lisse<\/li>\n<\/ul>\n<\/div><div class=\"fusion-sep-clear\"><\/div><div class=\"fusion-separator fusion-full-width-sep\" style=\"margin-left: auto;margin-right: auto;margin-top:20px;margin-bottom:20px;width:100%;\"><\/div><div class=\"fusion-sep-clear\"><\/div><div class=\"fusion-title title fusion-title-3 fusion-sep-none fusion-title-text fusion-title-size-two titoli-prodotti\" style=\"--awb-margin-top:20px;--awb-margin-bottom:0px;--awb-margin-top-small:10px;--awb-margin-right-small:0px;--awb-margin-bottom-small:10px;--awb-margin-left-small:0px;\"><h2 class=\"fusion-title-heading title-heading-left\" style=\"margin:0;\">ACCESSOIRES<\/h2><\/div><div class=\"fusion-sep-clear\"><\/div><div class=\"fusion-separator fusion-full-width-sep\" style=\"margin-left: auto;margin-right: auto;margin-top:0px;margin-bottom:20px;width:100%;\"><div class=\"fusion-separator-border sep-single sep-solid\" style=\"--awb-height:20px;--awb-amount:20px;--awb-sep-color:#999797;border-color:#999797;border-top-width:2px;\"><\/div><\/div><div class=\"fusion-sep-clear\"><\/div><div class=\"fusion-text fusion-text-2\"><ul class=\"linea\">\n<li>Exploseur avec lame et dents pour DP &#8211; BREAKER MD<\/li>\n<li>Exploseur avec lames et dents pour BREAKER SD<\/li>\n<li>Deux roues de profondeur pour DP<\/li>\n<li>Deux roues de profondeur pour BREAKER MD 5<\/li>\n<li>Deux roues de profondeur pour BREAKER SD &#8211; MD 7 &#8211; DP 7R<\/li>\n<li>Double section disques ondul\u00e9s hydraulique pour DP 5R &#8211; BREAKER MD5 (kg 510)<\/li>\n<li>Double section disques ondul\u00e9s hydraulique pour BREAKER SD 5 (kg 550)<\/li>\n<li>Double section disques ondul\u00e9s hydraulique pour DP 7R &#8211; BREAKER MD7 (kg 710)<\/li>\n<li>Double section disques ondul\u00e9s hydraulique pour BREAKER SD 7 (kg 740)<\/li>\n<li>Double section disques ondul\u00e9s hydraulique pour BREAKER SD 9 (kg 880)<\/li>\n<li>Disques arri\u00e9re \u00d8 560 pour DP 5 manuel (kg 340)<\/li>\n<li>Disques arri\u00e9re \u00d8 560 pour DP 5R manuel (kg 450)<\/li>\n<li>Disques arri\u00e9re \u00d8 560 pour BREAKER MD 5 ouverture et levage hydrauliques (kg 620)<\/li>\n<li>Disques arri\u00e9re \u00d8 610 pour BREAKER SD 5 ouverture et levage hydrauliques (kg 700)<\/li>\n<li>Disques arri\u00e9re \u00d8 610 pour BREAKER SD 7 e MD 7 ouverture et levage hydrauliques (kg 910)<\/li>\n<li>Disques arri\u00e9re \u00d8 610 pour BREAKER SD 9 ouverture et levage hydrauliques (kg 1400)<\/li>\n<li>Rouleau manuel avec r\u00e2teau pour DP 3 &#8211; DP 5 mini (kg 130)<\/li>\n<li>Rouleau manuel pour DP 5 &#8211; DP 5R (kg 170)<\/li>\n<li>Rouleau manuel pour DP 7 &#8211; DP 7R (kg 220)<\/li>\n<li>Rouleau double oscillant hydraulique pour \u00a0BREAKER MD 5 &#8211; DP 5R (kg 370)<\/li>\n<li>Rouleau double oscillant hydraulique pour BREAKER SD 5 (kg 450)<\/li>\n<li>Rouleau double oscillant hydraulique pour BREAKER SD 7 &#8211; BREAKER MD 7 (kg 630)<\/li>\n<li>Rouleau double oscillant hydraulique pour BREAKER SD 9 (kg 840)<\/li>\n<li>Rouleau double oscillant hydraulique pour BREAKER SD 11 (kg 990)<\/li>\n<li>Deux clapets lat\u00e9raux SD r\u00e9glables<\/li>\n<li>Houes \u00e0 largage rapide SD<\/li>\n<li>Kit lumi\u00e9res et panneaux<\/li>\n<\/ul>\n<\/div><div class=\"fusion-sep-clear\"><\/div><div class=\"fusion-separator fusion-full-width-sep\" style=\"margin-left: auto;margin-right: auto;margin-top:20px;margin-bottom:20px;width:100%;\"><\/div><div class=\"fusion-sep-clear\"><\/div><div class=\"fusion-image-element in-legacy-container\" style=\"--awb-caption-title-font-family:var(--h2_typography-font-family);--awb-caption-title-font-weight:var(--h2_typography-font-weight);--awb-caption-title-font-style:var(--h2_typography-font-style);--awb-caption-title-size:var(--h2_typography-font-size);--awb-caption-title-transform:var(--h2_typography-text-transform);--awb-caption-title-line-height:var(--h2_typography-line-height);--awb-caption-title-letter-spacing:var(--h2_typography-letter-spacing);\"><span class=\" fusion-imageframe imageframe-none imageframe-6 hover-type-none\"><a href=\"https:\/\/www.angeloniweb.it\/wp-content\/uploads\/2022\/10\/tec-breaker.png\" class=\"fusion-lightbox\" data-rel=\"iLightbox[a663470d2088ef2a99d]\" data-title=\"tec-breaker\" title=\"tec-breaker\"><img decoding=\"async\" width=\"950\" height=\"880\" src=\"https:\/\/www.angeloniweb.it\/wp-content\/uploads\/2022\/10\/tec-breaker.png\" alt class=\"img-responsive wp-image-4914\" srcset=\"https:\/\/www.angeloniweb.it\/wp-content\/uploads\/2022\/10\/tec-breaker-200x185.png 200w, https:\/\/www.angeloniweb.it\/wp-content\/uploads\/2022\/10\/tec-breaker-400x371.png 400w, https:\/\/www.angeloniweb.it\/wp-content\/uploads\/2022\/10\/tec-breaker-600x556.png 600w, https:\/\/www.angeloniweb.it\/wp-content\/uploads\/2022\/10\/tec-breaker-800x741.png 800w, https:\/\/www.angeloniweb.it\/wp-content\/uploads\/2022\/10\/tec-breaker.png 950w\" sizes=\"(max-width: 1030px) 100vw, 950px\" \/><\/a><\/span><\/div><div class=\"fusion-sep-clear\"><\/div><div class=\"fusion-separator fusion-full-width-sep\" style=\"margin-left: auto;margin-right: auto;margin-top:20px;margin-bottom:20px;width:100%;\"><\/div><div class=\"fusion-sep-clear\"><\/div><div class=\"fusion-clearfix\"><\/div><\/div><\/div><div class=\"fusion-layout-column fusion_builder_column fusion-builder-column-1 fusion_builder_column_1_5 1_5 fusion-one-fifth fusion-column-last\" style=\"--awb-bg-size:cover;--awb-margin-top:50px;width:20%;width:calc(20% - ( ( 4% ) * 0.2 ) );\"><div class=\"fusion-column-wrapper fusion-flex-column-wrapper-legacy\"><div class=\"fusion-title title fusion-title-4 fusion-sep-none fusion-title-text fusion-title-size-one title-menu-prodotti\" style=\"--awb-margin-top-small:10px;--awb-margin-right-small:0px;--awb-margin-bottom-small:10px;--awb-margin-left-small:0px;\"><h1 class=\"fusion-title-heading title-heading-left\" style=\"margin:0;\">Sous soleuses<\/h1><\/div><div class=\"fusion-widget-area awb-widget-area-element fusion-widget-area-1 fusion-content-widget-area\" style=\"--awb-title-size:;--awb-title-color:#ea6300;--awb-padding:0px 0px 0px 0px;\"><div id=\"nav_menu-36\" class=\"widget widget_nav_menu\"><div class=\"menu-suos-soleuses-container\"><ul id=\"menu-suos-soleuses\" class=\"menu\"><li id=\"menu-item-3710\" class=\"menu-item menu-item-type-post_type menu-item-object-page menu-item-3710\"><a href=\"https:\/\/www.angeloniweb.it\/fr\/produits\/traitements-au-sol\/sous-soleuses\/serie-dp-breaker\/\">S\u00e9rie DP-Breaker<\/a><\/li>\n<li id=\"menu-item-5017\" class=\"menu-item menu-item-type-post_type menu-item-object-page menu-item-5017\"><a href=\"https:\/\/www.angeloniweb.it\/fr\/produits\/traitements-au-sol\/sous-soleuses\/serie-sd-9-ph-breaker\/\">S\u00e9rie SD 9 PH-BREAKER<\/a><\/li>\n<li id=\"menu-item-3709\" class=\"menu-item menu-item-type-post_type menu-item-object-page menu-item-3709\"><a href=\"https:\/\/www.angeloniweb.it\/fr\/produits\/traitements-au-sol\/sous-soleuses\/serie-sd-breaker-combi-plus\/\">S\u00e9rie SD-Breaker Combi Plus<\/a><\/li>\n<li id=\"menu-item-3708\" class=\"menu-item menu-item-type-post_type menu-item-object-page menu-item-3708\"><a href=\"https:\/\/www.angeloniweb.it\/fr\/produits\/traitements-au-sol\/sous-soleuses\/serie-hp\/\">S\u00e9rie HP<\/a><\/li>\n<li id=\"menu-item-3707\" class=\"menu-item menu-item-type-post_type menu-item-object-page menu-item-3707\"><a href=\"https:\/\/www.angeloniweb.it\/fr\/produits\/traitements-au-sol\/sous-soleuses\/serie-rd\/\">S\u00e9rie RD<\/a><\/li>\n<\/ul><\/div><\/div><div class=\"fusion-additional-widget-content\"><\/div><\/div><div class=\"fusion-clearfix\"><\/div><\/div><\/div><\/div><\/div>\n","protected":false},"excerpt":{"rendered":"","protected":false},"author":1,"featured_media":0,"parent":3679,"menu_order":0,"comment_status":"closed","ping_status":"closed","template":"100-width.php","meta":{"footnotes":""},"class_list":["post-3686","page","type-page","status-publish","hentry"],"yoast_head":"<!-- This site is optimized with the Yoast SEO plugin v27.4 - https:\/\/yoast.com\/product\/yoast-seo-wordpress\/ -->\n<title>S\u00e9rie DP-Breaker - ANGELONI SRL<\/title>\n<meta name=\"robots\" content=\"index, follow, max-snippet:-1, max-image-preview:large, max-video-preview:-1\" \/>\n<link rel=\"canonical\" href=\"https:\/\/www.angeloniweb.it\/fr\/produits\/traitements-au-sol\/sous-soleuses\/serie-dp-breaker\/\" \/>\n<meta property=\"og:locale\" content=\"fr_FR\" \/>\n<meta property=\"og:type\" content=\"article\" \/>\n<meta property=\"og:title\" content=\"S\u00e9rie DP-Breaker - ANGELONI SRL\" \/>\n<meta property=\"og:url\" content=\"https:\/\/www.angeloniweb.it\/fr\/produits\/traitements-au-sol\/sous-soleuses\/serie-dp-breaker\/\" \/>\n<meta property=\"og:site_name\" content=\"ANGELONI SRL\" \/>\n<meta property=\"article:modified_time\" content=\"2022-10-21T13:25:20+00:00\" \/>\n<meta name=\"twitter:card\" content=\"summary_large_image\" \/>\n<meta name=\"twitter:label1\" content=\"Dur\u00e9e de lecture estim\u00e9e\" \/>\n\t<meta name=\"twitter:data1\" content=\"7 minutes\" \/>\n<script type=\"application\/ld+json\" class=\"yoast-schema-graph\">{\"@context\":\"https:\\\/\\\/schema.org\",\"@graph\":[{\"@type\":\"WebPage\",\"@id\":\"https:\\\/\\\/www.angeloniweb.it\\\/fr\\\/produits\\\/traitements-au-sol\\\/sous-soleuses\\\/serie-dp-breaker\\\/\",\"url\":\"https:\\\/\\\/www.angeloniweb.it\\\/fr\\\/produits\\\/traitements-au-sol\\\/sous-soleuses\\\/serie-dp-breaker\\\/\",\"name\":\"S\u00e9rie DP-Breaker - ANGELONI SRL\",\"isPartOf\":{\"@id\":\"https:\\\/\\\/www.angeloniweb.it\\\/fr\\\/#website\"},\"datePublished\":\"2017-11-03T11:05:44+00:00\",\"dateModified\":\"2022-10-21T13:25:20+00:00\",\"breadcrumb\":{\"@id\":\"https:\\\/\\\/www.angeloniweb.it\\\/fr\\\/produits\\\/traitements-au-sol\\\/sous-soleuses\\\/serie-dp-breaker\\\/#breadcrumb\"},\"inLanguage\":\"fr-FR\",\"potentialAction\":[{\"@type\":\"ReadAction\",\"target\":[\"https:\\\/\\\/www.angeloniweb.it\\\/fr\\\/produits\\\/traitements-au-sol\\\/sous-soleuses\\\/serie-dp-breaker\\\/\"]}]},{\"@type\":\"BreadcrumbList\",\"@id\":\"https:\\\/\\\/www.angeloniweb.it\\\/fr\\\/produits\\\/traitements-au-sol\\\/sous-soleuses\\\/serie-dp-breaker\\\/#breadcrumb\",\"itemListElement\":[{\"@type\":\"ListItem\",\"position\":1,\"name\":\"Home\",\"item\":\"https:\\\/\\\/www.angeloniweb.it\\\/fr\\\/\"},{\"@type\":\"ListItem\",\"position\":2,\"name\":\"Produits\",\"item\":\"https:\\\/\\\/www.angeloniweb.it\\\/fr\\\/produits\\\/\"},{\"@type\":\"ListItem\",\"position\":3,\"name\":\"Traitements au sol\",\"item\":\"https:\\\/\\\/www.angeloniweb.it\\\/fr\\\/produits\\\/traitements-au-sol\\\/\"},{\"@type\":\"ListItem\",\"position\":4,\"name\":\"Sous soleuses\",\"item\":\"https:\\\/\\\/www.angeloniweb.it\\\/fr\\\/produits\\\/traitements-au-sol\\\/sous-soleuses\\\/\"},{\"@type\":\"ListItem\",\"position\":5,\"name\":\"S\u00e9rie DP-Breaker\"}]},{\"@type\":\"WebSite\",\"@id\":\"https:\\\/\\\/www.angeloniweb.it\\\/fr\\\/#website\",\"url\":\"https:\\\/\\\/www.angeloniweb.it\\\/fr\\\/\",\"name\":\"ANGELONI SRL\",\"description\":\"Macchine Agricole\",\"publisher\":{\"@id\":\"https:\\\/\\\/www.angeloniweb.it\\\/fr\\\/#organization\"},\"potentialAction\":[{\"@type\":\"SearchAction\",\"target\":{\"@type\":\"EntryPoint\",\"urlTemplate\":\"https:\\\/\\\/www.angeloniweb.it\\\/fr\\\/?s={search_term_string}\"},\"query-input\":{\"@type\":\"PropertyValueSpecification\",\"valueRequired\":true,\"valueName\":\"search_term_string\"}}],\"inLanguage\":\"fr-FR\"},{\"@type\":\"Organization\",\"@id\":\"https:\\\/\\\/www.angeloniweb.it\\\/fr\\\/#organization\",\"name\":\"Angeloni Srl\",\"url\":\"https:\\\/\\\/www.angeloniweb.it\\\/fr\\\/\",\"logo\":{\"@type\":\"ImageObject\",\"inLanguage\":\"fr-FR\",\"@id\":\"https:\\\/\\\/www.angeloniweb.it\\\/fr\\\/#\\\/schema\\\/logo\\\/image\\\/\",\"url\":\"https:\\\/\\\/www.angeloniweb.it\\\/wp-content\\\/uploads\\\/2017\\\/11\\\/logo_pdf.png\",\"contentUrl\":\"https:\\\/\\\/www.angeloniweb.it\\\/wp-content\\\/uploads\\\/2017\\\/11\\\/logo_pdf.png\",\"width\":200,\"height\":49,\"caption\":\"Angeloni Srl\"},\"image\":{\"@id\":\"https:\\\/\\\/www.angeloniweb.it\\\/fr\\\/#\\\/schema\\\/logo\\\/image\\\/\"},\"sameAs\":[\"https:\\\/\\\/www.youtube.com\\\/channel\\\/UCCzeJGF_kigS6siFMLuuKxQ\"]}]}<\/script>\n<!-- \/ Yoast SEO plugin. -->","yoast_head_json":{"title":"S\u00e9rie DP-Breaker - ANGELONI SRL","robots":{"index":"index","follow":"follow","max-snippet":"max-snippet:-1","max-image-preview":"max-image-preview:large","max-video-preview":"max-video-preview:-1"},"canonical":"https:\/\/www.angeloniweb.it\/fr\/produits\/traitements-au-sol\/sous-soleuses\/serie-dp-breaker\/","og_locale":"fr_FR","og_type":"article","og_title":"S\u00e9rie DP-Breaker - ANGELONI SRL","og_url":"https:\/\/www.angeloniweb.it\/fr\/produits\/traitements-au-sol\/sous-soleuses\/serie-dp-breaker\/","og_site_name":"ANGELONI SRL","article_modified_time":"2022-10-21T13:25:20+00:00","twitter_card":"summary_large_image","twitter_misc":{"Dur\u00e9e de lecture estim\u00e9e":"7 minutes"},"schema":{"@context":"https:\/\/schema.org","@graph":[{"@type":"WebPage","@id":"https:\/\/www.angeloniweb.it\/fr\/produits\/traitements-au-sol\/sous-soleuses\/serie-dp-breaker\/","url":"https:\/\/www.angeloniweb.it\/fr\/produits\/traitements-au-sol\/sous-soleuses\/serie-dp-breaker\/","name":"S\u00e9rie DP-Breaker - ANGELONI SRL","isPartOf":{"@id":"https:\/\/www.angeloniweb.it\/fr\/#website"},"datePublished":"2017-11-03T11:05:44+00:00","dateModified":"2022-10-21T13:25:20+00:00","breadcrumb":{"@id":"https:\/\/www.angeloniweb.it\/fr\/produits\/traitements-au-sol\/sous-soleuses\/serie-dp-breaker\/#breadcrumb"},"inLanguage":"fr-FR","potentialAction":[{"@type":"ReadAction","target":["https:\/\/www.angeloniweb.it\/fr\/produits\/traitements-au-sol\/sous-soleuses\/serie-dp-breaker\/"]}]},{"@type":"BreadcrumbList","@id":"https:\/\/www.angeloniweb.it\/fr\/produits\/traitements-au-sol\/sous-soleuses\/serie-dp-breaker\/#breadcrumb","itemListElement":[{"@type":"ListItem","position":1,"name":"Home","item":"https:\/\/www.angeloniweb.it\/fr\/"},{"@type":"ListItem","position":2,"name":"Produits","item":"https:\/\/www.angeloniweb.it\/fr\/produits\/"},{"@type":"ListItem","position":3,"name":"Traitements au sol","item":"https:\/\/www.angeloniweb.it\/fr\/produits\/traitements-au-sol\/"},{"@type":"ListItem","position":4,"name":"Sous soleuses","item":"https:\/\/www.angeloniweb.it\/fr\/produits\/traitements-au-sol\/sous-soleuses\/"},{"@type":"ListItem","position":5,"name":"S\u00e9rie DP-Breaker"}]},{"@type":"WebSite","@id":"https:\/\/www.angeloniweb.it\/fr\/#website","url":"https:\/\/www.angeloniweb.it\/fr\/","name":"ANGELONI SRL","description":"Macchine Agricole","publisher":{"@id":"https:\/\/www.angeloniweb.it\/fr\/#organization"},"potentialAction":[{"@type":"SearchAction","target":{"@type":"EntryPoint","urlTemplate":"https:\/\/www.angeloniweb.it\/fr\/?s={search_term_string}"},"query-input":{"@type":"PropertyValueSpecification","valueRequired":true,"valueName":"search_term_string"}}],"inLanguage":"fr-FR"},{"@type":"Organization","@id":"https:\/\/www.angeloniweb.it\/fr\/#organization","name":"Angeloni Srl","url":"https:\/\/www.angeloniweb.it\/fr\/","logo":{"@type":"ImageObject","inLanguage":"fr-FR","@id":"https:\/\/www.angeloniweb.it\/fr\/#\/schema\/logo\/image\/","url":"https:\/\/www.angeloniweb.it\/wp-content\/uploads\/2017\/11\/logo_pdf.png","contentUrl":"https:\/\/www.angeloniweb.it\/wp-content\/uploads\/2017\/11\/logo_pdf.png","width":200,"height":49,"caption":"Angeloni Srl"},"image":{"@id":"https:\/\/www.angeloniweb.it\/fr\/#\/schema\/logo\/image\/"},"sameAs":["https:\/\/www.youtube.com\/channel\/UCCzeJGF_kigS6siFMLuuKxQ"]}]}},"_links":{"self":[{"href":"https:\/\/www.angeloniweb.it\/fr\/wp-json\/wp\/v2\/pages\/3686","targetHints":{"allow":["GET"]}}],"collection":[{"href":"https:\/\/www.angeloniweb.it\/fr\/wp-json\/wp\/v2\/pages"}],"about":[{"href":"https:\/\/www.angeloniweb.it\/fr\/wp-json\/wp\/v2\/types\/page"}],"author":[{"embeddable":true,"href":"https:\/\/www.angeloniweb.it\/fr\/wp-json\/wp\/v2\/users\/1"}],"replies":[{"embeddable":true,"href":"https:\/\/www.angeloniweb.it\/fr\/wp-json\/wp\/v2\/comments?post=3686"}],"version-history":[{"count":6,"href":"https:\/\/www.angeloniweb.it\/fr\/wp-json\/wp\/v2\/pages\/3686\/revisions"}],"predecessor-version":[{"id":4938,"href":"https:\/\/www.angeloniweb.it\/fr\/wp-json\/wp\/v2\/pages\/3686\/revisions\/4938"}],"up":[{"embeddable":true,"href":"https:\/\/www.angeloniweb.it\/fr\/wp-json\/wp\/v2\/pages\/3679"}],"wp:attachment":[{"href":"https:\/\/www.angeloniweb.it\/fr\/wp-json\/wp\/v2\/media?parent=3686"}],"curies":[{"name":"wp","href":"https:\/\/api.w.org\/{rel}","templated":true}]}}