{"id":3402,"date":"2017-10-11T15:33:58","date_gmt":"2017-10-11T13:33:58","guid":{"rendered":"https:\/\/www.angeloniweb.it\/?page_id=3402"},"modified":"2022-09-14T17:13:10","modified_gmt":"2022-09-14T15:13:10","slug":"serie-ip","status":"publish","type":"page","link":"https:\/\/www.angeloniweb.it\/fr\/produits\/traitements-au-sol\/charrues\/serie-ip\/","title":{"rendered":"S\u00e9rie IP"},"content":{"rendered":"<div class=\"fusion-fullwidth fullwidth-box fusion-builder-row-1 nonhundred-percent-fullwidth non-hundred-percent-height-scrolling\" style=\"--awb-border-radius-top-left:0px;--awb-border-radius-top-right:0px;--awb-border-radius-bottom-right:0px;--awb-border-radius-bottom-left:0px;--awb-flex-wrap:wrap;\" ><div class=\"fusion-builder-row fusion-row\"><div class=\"fusion-layout-column fusion_builder_column fusion-builder-column-0 fusion_builder_column_4_5 4_5 fusion-four-fifth fusion-column-first\" style=\"--awb-bg-size:cover;width:80%;width:calc(80% - ( ( 4% ) * 0.8 ) );margin-right: 4%;\"><div class=\"fusion-column-wrapper fusion-flex-column-wrapper-legacy\"><div class=\"fusion-title title fusion-title-1 fusion-sep-none fusion-title-text fusion-title-size-one\" style=\"--awb-margin-bottom:40px;--awb-margin-top-small:10px;--awb-margin-right-small:0px;--awb-margin-bottom-small:10px;--awb-margin-left-small:0px;\"><h1 class=\"fusion-title-heading title-heading-left\" style=\"margin:0;\">Charrues port\u00e9es hydropneumatique &#8211; en raie<\/h1><\/div><div class=\"fusion-image-element in-legacy-container\" style=\"--awb-caption-title-font-family:var(--h2_typography-font-family);--awb-caption-title-font-weight:var(--h2_typography-font-weight);--awb-caption-title-font-style:var(--h2_typography-font-style);--awb-caption-title-size:var(--h2_typography-font-size);--awb-caption-title-transform:var(--h2_typography-text-transform);--awb-caption-title-line-height:var(--h2_typography-line-height);--awb-caption-title-letter-spacing:var(--h2_typography-letter-spacing);\"><span class=\" fusion-imageframe imageframe-none imageframe-1 hover-type-none\"><img decoding=\"async\" width=\"750\" height=\"400\" title=\"a7\" src=\"https:\/\/www.angeloniweb.it\/wp-content\/uploads\/2017\/10\/a7.jpg\" alt class=\"img-responsive wp-image-3404\" srcset=\"https:\/\/www.angeloniweb.it\/wp-content\/uploads\/2017\/10\/a7-200x107.jpg 200w, https:\/\/www.angeloniweb.it\/wp-content\/uploads\/2017\/10\/a7-400x213.jpg 400w, https:\/\/www.angeloniweb.it\/wp-content\/uploads\/2017\/10\/a7-600x320.jpg 600w, https:\/\/www.angeloniweb.it\/wp-content\/uploads\/2017\/10\/a7.jpg 750w\" sizes=\"(max-width: 1030px) 100vw, 750px\" \/><\/span><\/div><div class=\"fusion-sep-clear\"><\/div><div class=\"fusion-separator fusion-full-width-sep\" style=\"margin-left: auto;margin-right: auto;margin-top:20px;margin-bottom:20px;width:100%;\"><\/div><div class=\"fusion-sep-clear\"><\/div><div class=\"fusion-title title fusion-title-2 fusion-sep-none fusion-title-text fusion-title-size-two titoli-prodotti\" style=\"--awb-margin-top:20px;--awb-margin-bottom:0px;--awb-margin-top-small:10px;--awb-margin-right-small:0px;--awb-margin-bottom-small:10px;--awb-margin-left-small:0px;\"><h2 class=\"fusion-title-heading title-heading-left\" style=\"margin:0;\">\u00c9QUIPEMENTS DE S\u00c9RIE<\/h2><\/div><div class=\"fusion-sep-clear\"><\/div><div class=\"fusion-separator fusion-full-width-sep\" style=\"margin-left: auto;margin-right: auto;margin-top:0px;margin-bottom:20px;width:100%;\"><div class=\"fusion-separator-border sep-single sep-solid\" style=\"--awb-height:20px;--awb-amount:20px;--awb-sep-color:#999797;border-color:#999797;border-top-width:2px;\"><\/div><\/div><div class=\"fusion-sep-clear\"><\/div><div class=\"fusion-text fusion-text-1\"><ul class=\"linea\">\n<li>S\u00e9curit\u00e9 NON-STOP \u00e0 l&rsquo;azote<\/li>\n<li>Largeur variable \u00e9 pas M\u00c9CANIQUE<\/li>\n<li>Timon oscillant<\/li>\n<\/ul>\n<\/div><div class=\"fusion-sep-clear\"><\/div><div class=\"fusion-separator fusion-full-width-sep\" style=\"margin-left: auto;margin-right: auto;margin-top:20px;margin-bottom:20px;width:100%;\"><\/div><div class=\"fusion-sep-clear\"><\/div><div class=\"fusion-title title fusion-title-3 fusion-sep-none fusion-title-text fusion-title-size-two titoli-prodotti\" style=\"--awb-margin-top:20px;--awb-margin-bottom:0px;--awb-margin-top-small:10px;--awb-margin-right-small:0px;--awb-margin-bottom-small:10px;--awb-margin-left-small:0px;\"><h2 class=\"fusion-title-heading title-heading-left\" style=\"margin:0;\">ACCESSOIRES<\/h2><\/div><div class=\"fusion-sep-clear\"><\/div><div class=\"fusion-separator fusion-full-width-sep\" style=\"margin-left: auto;margin-right: auto;margin-top:0px;margin-bottom:20px;width:100%;\"><div class=\"fusion-separator-border sep-single sep-solid\" style=\"--awb-height:20px;--awb-amount:20px;--awb-sep-color:#999797;border-color:#999797;border-top-width:2px;\"><\/div><\/div><div class=\"fusion-sep-clear\"><\/div><div class=\"fusion-text fusion-text-2\"><ul class=\"linea\">\n<li>Dispositif de levage dernier corps de labour<\/li>\n<li>Roue r\u00e9glage profondeur en acier<\/li>\n<li>Rasette \u00e0 versoir<\/li>\n<\/ul>\n<\/div><div class=\"fusion-sep-clear\"><\/div><div class=\"fusion-separator fusion-full-width-sep\" style=\"margin-left: auto;margin-right: auto;margin-top:20px;margin-bottom:20px;width:100%;\"><\/div><div class=\"fusion-sep-clear\"><\/div><div class=\"fusion-image-element in-legacy-container\" style=\"--awb-caption-title-font-family:var(--h2_typography-font-family);--awb-caption-title-font-weight:var(--h2_typography-font-weight);--awb-caption-title-font-style:var(--h2_typography-font-style);--awb-caption-title-size:var(--h2_typography-font-size);--awb-caption-title-transform:var(--h2_typography-text-transform);--awb-caption-title-line-height:var(--h2_typography-line-height);--awb-caption-title-letter-spacing:var(--h2_typography-letter-spacing);\"><span class=\" fusion-imageframe imageframe-none imageframe-2 hover-type-none\"><a href=\"https:\/\/www.angeloniweb.it\/wp-content\/uploads\/2022\/09\/tab-ip.png\" class=\"fusion-lightbox\" data-rel=\"iLightbox[eb8e3f44d264754e1ca]\" data-title=\"tab-ip\" title=\"tab-ip\"><img decoding=\"async\" width=\"950\" height=\"467\" src=\"https:\/\/www.angeloniweb.it\/wp-content\/uploads\/2022\/09\/tab-ip.png\" alt class=\"img-responsive wp-image-4830\" srcset=\"https:\/\/www.angeloniweb.it\/wp-content\/uploads\/2022\/09\/tab-ip-200x98.png 200w, https:\/\/www.angeloniweb.it\/wp-content\/uploads\/2022\/09\/tab-ip-400x197.png 400w, https:\/\/www.angeloniweb.it\/wp-content\/uploads\/2022\/09\/tab-ip-600x295.png 600w, https:\/\/www.angeloniweb.it\/wp-content\/uploads\/2022\/09\/tab-ip-800x393.png 800w, https:\/\/www.angeloniweb.it\/wp-content\/uploads\/2022\/09\/tab-ip.png 950w\" sizes=\"(max-width: 1030px) 100vw, 950px\" \/><\/a><\/span><\/div><div class=\"fusion-sep-clear\"><\/div><div class=\"fusion-separator fusion-full-width-sep\" style=\"margin-left: auto;margin-right: auto;margin-top:20px;margin-bottom:20px;width:100%;\"><\/div><div class=\"fusion-sep-clear\"><\/div><div class=\"fusion-clearfix\"><\/div><\/div><\/div><div class=\"fusion-layout-column fusion_builder_column fusion-builder-column-1 fusion_builder_column_1_5 1_5 fusion-one-fifth fusion-column-last\" style=\"--awb-bg-size:cover;--awb-margin-top:50px;width:20%;width:calc(20% - ( ( 4% ) * 0.2 ) );\"><div class=\"fusion-column-wrapper fusion-flex-column-wrapper-legacy\"><div class=\"fusion-title title fusion-title-4 fusion-sep-none fusion-title-text fusion-title-size-one title-menu-prodotti\" style=\"--awb-margin-top-small:10px;--awb-margin-right-small:0px;--awb-margin-bottom-small:10px;--awb-margin-left-small:0px;\"><h1 class=\"fusion-title-heading title-heading-left\" style=\"margin:0;\">Charrues<\/h1><\/div><div class=\"fusion-widget-area awb-widget-area-element fusion-widget-area-1 fusion-content-widget-area\" style=\"--awb-title-size:;--awb-title-color:#ea6300;--awb-padding:0px 0px 0px 0px;\"><div id=\"nav_menu-34\" class=\"widget widget_nav_menu\"><div class=\"menu-charrues-container\"><ul id=\"menu-charrues\" class=\"menu\"><li id=\"menu-item-3614\" class=\"menu-item menu-item-type-post_type menu-item-object-page menu-item-3614\"><a href=\"https:\/\/www.angeloniweb.it\/fr\/produits\/traitements-au-sol\/charrues\/serie-fly\/\">S\u00e9rie FLY<\/a><\/li>\n<li id=\"menu-item-3623\" class=\"menu-item menu-item-type-post_type menu-item-object-page menu-item-3623\"><a href=\"https:\/\/www.angeloniweb.it\/fr\/produits\/traitements-au-sol\/charrues\/serie-superfly-sf\/\">S\u00e9rie Superfly SF<\/a><\/li>\n<li id=\"menu-item-3619\" class=\"menu-item menu-item-type-post_type menu-item-object-page menu-item-3619\"><a href=\"https:\/\/www.angeloniweb.it\/fr\/produits\/traitements-au-sol\/charrues\/serie-l\/\">S\u00e9rie L<\/a><\/li>\n<li id=\"menu-item-3615\" class=\"menu-item menu-item-type-post_type menu-item-object-page menu-item-3615\"><a href=\"https:\/\/www.angeloniweb.it\/fr\/produits\/traitements-au-sol\/charrues\/serie-fs\/\">S\u00e9rie FS<\/a><\/li>\n<li id=\"menu-item-3618\" class=\"menu-item menu-item-type-post_type menu-item-object-page menu-item-3618\"><a href=\"https:\/\/www.angeloniweb.it\/fr\/produits\/traitements-au-sol\/charrues\/serie-ip\/\">S\u00e9rie IP<\/a><\/li>\n<li id=\"menu-item-3616\" class=\"menu-item menu-item-type-post_type menu-item-object-page menu-item-3616\"><a href=\"https:\/\/www.angeloniweb.it\/fr\/produits\/traitements-au-sol\/charrues\/serie-fs-ip\/\">S\u00e9rie FS IP<\/a><\/li>\n<li id=\"menu-item-3622\" class=\"menu-item menu-item-type-post_type menu-item-object-page menu-item-3622\"><a href=\"https:\/\/www.angeloniweb.it\/fr\/produits\/traitements-au-sol\/charrues\/serie-sp\/\">S\u00e9rie SP<\/a><\/li>\n<li id=\"menu-item-3621\" class=\"menu-item menu-item-type-post_type menu-item-object-page menu-item-3621\"><a href=\"https:\/\/www.angeloniweb.it\/fr\/produits\/traitements-au-sol\/charrues\/serie-shark\/\">S\u00e9rie SHARK<\/a><\/li>\n<\/ul><\/div><\/div><div class=\"fusion-additional-widget-content\"><\/div><\/div><div class=\"fusion-clearfix\"><\/div><\/div><\/div><\/div><\/div>\n","protected":false},"excerpt":{"rendered":"","protected":false},"author":1,"featured_media":0,"parent":3522,"menu_order":0,"comment_status":"closed","ping_status":"closed","template":"100-width.php","meta":{"footnotes":""},"class_list":["post-3402","page","type-page","status-publish","hentry"],"yoast_head":"<!-- This site is optimized with the Yoast SEO plugin v27.3 - https:\/\/yoast.com\/product\/yoast-seo-wordpress\/ -->\n<title>S\u00e9rie IP - ANGELONI SRL<\/title>\n<meta name=\"robots\" content=\"index, follow, max-snippet:-1, max-image-preview:large, max-video-preview:-1\" \/>\n<link rel=\"canonical\" href=\"https:\/\/www.angeloniweb.it\/fr\/produits\/traitements-au-sol\/charrues\/serie-ip\/\" \/>\n<meta property=\"og:locale\" content=\"fr_FR\" \/>\n<meta property=\"og:type\" content=\"article\" \/>\n<meta property=\"og:title\" content=\"S\u00e9rie IP - ANGELONI SRL\" \/>\n<meta property=\"og:url\" content=\"https:\/\/www.angeloniweb.it\/fr\/produits\/traitements-au-sol\/charrues\/serie-ip\/\" \/>\n<meta property=\"og:site_name\" content=\"ANGELONI SRL\" \/>\n<meta property=\"article:modified_time\" content=\"2022-09-14T15:13:10+00:00\" \/>\n<meta name=\"twitter:card\" content=\"summary_large_image\" \/>\n<meta name=\"twitter:label1\" content=\"Dur\u00e9e de lecture estim\u00e9e\" \/>\n\t<meta name=\"twitter:data1\" content=\"2 minutes\" \/>\n<script type=\"application\/ld+json\" class=\"yoast-schema-graph\">{\"@context\":\"https:\\\/\\\/schema.org\",\"@graph\":[{\"@type\":\"WebPage\",\"@id\":\"https:\\\/\\\/www.angeloniweb.it\\\/fr\\\/produits\\\/traitements-au-sol\\\/charrues\\\/serie-ip\\\/\",\"url\":\"https:\\\/\\\/www.angeloniweb.it\\\/fr\\\/produits\\\/traitements-au-sol\\\/charrues\\\/serie-ip\\\/\",\"name\":\"S\u00e9rie IP - ANGELONI SRL\",\"isPartOf\":{\"@id\":\"https:\\\/\\\/www.angeloniweb.it\\\/fr\\\/#website\"},\"datePublished\":\"2017-10-11T13:33:58+00:00\",\"dateModified\":\"2022-09-14T15:13:10+00:00\",\"breadcrumb\":{\"@id\":\"https:\\\/\\\/www.angeloniweb.it\\\/fr\\\/produits\\\/traitements-au-sol\\\/charrues\\\/serie-ip\\\/#breadcrumb\"},\"inLanguage\":\"fr-FR\",\"potentialAction\":[{\"@type\":\"ReadAction\",\"target\":[\"https:\\\/\\\/www.angeloniweb.it\\\/fr\\\/produits\\\/traitements-au-sol\\\/charrues\\\/serie-ip\\\/\"]}]},{\"@type\":\"BreadcrumbList\",\"@id\":\"https:\\\/\\\/www.angeloniweb.it\\\/fr\\\/produits\\\/traitements-au-sol\\\/charrues\\\/serie-ip\\\/#breadcrumb\",\"itemListElement\":[{\"@type\":\"ListItem\",\"position\":1,\"name\":\"Home\",\"item\":\"https:\\\/\\\/www.angeloniweb.it\\\/fr\\\/\"},{\"@type\":\"ListItem\",\"position\":2,\"name\":\"Produits\",\"item\":\"https:\\\/\\\/www.angeloniweb.it\\\/fr\\\/produits\\\/\"},{\"@type\":\"ListItem\",\"position\":3,\"name\":\"Traitements au sol\",\"item\":\"https:\\\/\\\/www.angeloniweb.it\\\/fr\\\/produits\\\/traitements-au-sol\\\/\"},{\"@type\":\"ListItem\",\"position\":4,\"name\":\"Charrues\",\"item\":\"https:\\\/\\\/www.angeloniweb.it\\\/fr\\\/produits\\\/traitements-au-sol\\\/charrues\\\/\"},{\"@type\":\"ListItem\",\"position\":5,\"name\":\"S\u00e9rie IP\"}]},{\"@type\":\"WebSite\",\"@id\":\"https:\\\/\\\/www.angeloniweb.it\\\/fr\\\/#website\",\"url\":\"https:\\\/\\\/www.angeloniweb.it\\\/fr\\\/\",\"name\":\"ANGELONI SRL\",\"description\":\"Macchine Agricole\",\"publisher\":{\"@id\":\"https:\\\/\\\/www.angeloniweb.it\\\/fr\\\/#organization\"},\"potentialAction\":[{\"@type\":\"SearchAction\",\"target\":{\"@type\":\"EntryPoint\",\"urlTemplate\":\"https:\\\/\\\/www.angeloniweb.it\\\/fr\\\/?s={search_term_string}\"},\"query-input\":{\"@type\":\"PropertyValueSpecification\",\"valueRequired\":true,\"valueName\":\"search_term_string\"}}],\"inLanguage\":\"fr-FR\"},{\"@type\":\"Organization\",\"@id\":\"https:\\\/\\\/www.angeloniweb.it\\\/fr\\\/#organization\",\"name\":\"Angeloni Srl\",\"url\":\"https:\\\/\\\/www.angeloniweb.it\\\/fr\\\/\",\"logo\":{\"@type\":\"ImageObject\",\"inLanguage\":\"fr-FR\",\"@id\":\"https:\\\/\\\/www.angeloniweb.it\\\/fr\\\/#\\\/schema\\\/logo\\\/image\\\/\",\"url\":\"https:\\\/\\\/www.angeloniweb.it\\\/wp-content\\\/uploads\\\/2017\\\/11\\\/logo_pdf.png\",\"contentUrl\":\"https:\\\/\\\/www.angeloniweb.it\\\/wp-content\\\/uploads\\\/2017\\\/11\\\/logo_pdf.png\",\"width\":200,\"height\":49,\"caption\":\"Angeloni Srl\"},\"image\":{\"@id\":\"https:\\\/\\\/www.angeloniweb.it\\\/fr\\\/#\\\/schema\\\/logo\\\/image\\\/\"},\"sameAs\":[\"https:\\\/\\\/www.youtube.com\\\/channel\\\/UCCzeJGF_kigS6siFMLuuKxQ\"]}]}<\/script>\n<!-- \/ Yoast SEO plugin. -->","yoast_head_json":{"title":"S\u00e9rie IP - ANGELONI SRL","robots":{"index":"index","follow":"follow","max-snippet":"max-snippet:-1","max-image-preview":"max-image-preview:large","max-video-preview":"max-video-preview:-1"},"canonical":"https:\/\/www.angeloniweb.it\/fr\/produits\/traitements-au-sol\/charrues\/serie-ip\/","og_locale":"fr_FR","og_type":"article","og_title":"S\u00e9rie IP - ANGELONI SRL","og_url":"https:\/\/www.angeloniweb.it\/fr\/produits\/traitements-au-sol\/charrues\/serie-ip\/","og_site_name":"ANGELONI SRL","article_modified_time":"2022-09-14T15:13:10+00:00","twitter_card":"summary_large_image","twitter_misc":{"Dur\u00e9e de lecture estim\u00e9e":"2 minutes"},"schema":{"@context":"https:\/\/schema.org","@graph":[{"@type":"WebPage","@id":"https:\/\/www.angeloniweb.it\/fr\/produits\/traitements-au-sol\/charrues\/serie-ip\/","url":"https:\/\/www.angeloniweb.it\/fr\/produits\/traitements-au-sol\/charrues\/serie-ip\/","name":"S\u00e9rie IP - ANGELONI SRL","isPartOf":{"@id":"https:\/\/www.angeloniweb.it\/fr\/#website"},"datePublished":"2017-10-11T13:33:58+00:00","dateModified":"2022-09-14T15:13:10+00:00","breadcrumb":{"@id":"https:\/\/www.angeloniweb.it\/fr\/produits\/traitements-au-sol\/charrues\/serie-ip\/#breadcrumb"},"inLanguage":"fr-FR","potentialAction":[{"@type":"ReadAction","target":["https:\/\/www.angeloniweb.it\/fr\/produits\/traitements-au-sol\/charrues\/serie-ip\/"]}]},{"@type":"BreadcrumbList","@id":"https:\/\/www.angeloniweb.it\/fr\/produits\/traitements-au-sol\/charrues\/serie-ip\/#breadcrumb","itemListElement":[{"@type":"ListItem","position":1,"name":"Home","item":"https:\/\/www.angeloniweb.it\/fr\/"},{"@type":"ListItem","position":2,"name":"Produits","item":"https:\/\/www.angeloniweb.it\/fr\/produits\/"},{"@type":"ListItem","position":3,"name":"Traitements au sol","item":"https:\/\/www.angeloniweb.it\/fr\/produits\/traitements-au-sol\/"},{"@type":"ListItem","position":4,"name":"Charrues","item":"https:\/\/www.angeloniweb.it\/fr\/produits\/traitements-au-sol\/charrues\/"},{"@type":"ListItem","position":5,"name":"S\u00e9rie IP"}]},{"@type":"WebSite","@id":"https:\/\/www.angeloniweb.it\/fr\/#website","url":"https:\/\/www.angeloniweb.it\/fr\/","name":"ANGELONI SRL","description":"Macchine Agricole","publisher":{"@id":"https:\/\/www.angeloniweb.it\/fr\/#organization"},"potentialAction":[{"@type":"SearchAction","target":{"@type":"EntryPoint","urlTemplate":"https:\/\/www.angeloniweb.it\/fr\/?s={search_term_string}"},"query-input":{"@type":"PropertyValueSpecification","valueRequired":true,"valueName":"search_term_string"}}],"inLanguage":"fr-FR"},{"@type":"Organization","@id":"https:\/\/www.angeloniweb.it\/fr\/#organization","name":"Angeloni Srl","url":"https:\/\/www.angeloniweb.it\/fr\/","logo":{"@type":"ImageObject","inLanguage":"fr-FR","@id":"https:\/\/www.angeloniweb.it\/fr\/#\/schema\/logo\/image\/","url":"https:\/\/www.angeloniweb.it\/wp-content\/uploads\/2017\/11\/logo_pdf.png","contentUrl":"https:\/\/www.angeloniweb.it\/wp-content\/uploads\/2017\/11\/logo_pdf.png","width":200,"height":49,"caption":"Angeloni Srl"},"image":{"@id":"https:\/\/www.angeloniweb.it\/fr\/#\/schema\/logo\/image\/"},"sameAs":["https:\/\/www.youtube.com\/channel\/UCCzeJGF_kigS6siFMLuuKxQ"]}]}},"_links":{"self":[{"href":"https:\/\/www.angeloniweb.it\/fr\/wp-json\/wp\/v2\/pages\/3402","targetHints":{"allow":["GET"]}}],"collection":[{"href":"https:\/\/www.angeloniweb.it\/fr\/wp-json\/wp\/v2\/pages"}],"about":[{"href":"https:\/\/www.angeloniweb.it\/fr\/wp-json\/wp\/v2\/types\/page"}],"author":[{"embeddable":true,"href":"https:\/\/www.angeloniweb.it\/fr\/wp-json\/wp\/v2\/users\/1"}],"replies":[{"embeddable":true,"href":"https:\/\/www.angeloniweb.it\/fr\/wp-json\/wp\/v2\/comments?post=3402"}],"version-history":[{"count":5,"href":"https:\/\/www.angeloniweb.it\/fr\/wp-json\/wp\/v2\/pages\/3402\/revisions"}],"predecessor-version":[{"id":4833,"href":"https:\/\/www.angeloniweb.it\/fr\/wp-json\/wp\/v2\/pages\/3402\/revisions\/4833"}],"up":[{"embeddable":true,"href":"https:\/\/www.angeloniweb.it\/fr\/wp-json\/wp\/v2\/pages\/3522"}],"wp:attachment":[{"href":"https:\/\/www.angeloniweb.it\/fr\/wp-json\/wp\/v2\/media?parent=3402"}],"curies":[{"name":"wp","href":"https:\/\/api.w.org\/{rel}","templated":true}]}}