{"id":3328,"date":"2017-10-31T09:59:10","date_gmt":"2017-10-31T08:59:10","guid":{"rendered":"https:\/\/www.angeloniweb.it\/?page_id=3328"},"modified":"2022-09-09T19:08:29","modified_gmt":"2022-09-09T17:08:29","slug":"serie-midi-c","status":"publish","type":"page","link":"https:\/\/www.angeloniweb.it\/fr\/produits\/applications\/lames-a-neige\/serie-midi-c\/","title":{"rendered":"S\u00e9rie MIDI C"},"content":{"rendered":"<div class=\"fusion-fullwidth fullwidth-box fusion-builder-row-1 nonhundred-percent-fullwidth non-hundred-percent-height-scrolling\" style=\"--awb-border-radius-top-left:0px;--awb-border-radius-top-right:0px;--awb-border-radius-bottom-right:0px;--awb-border-radius-bottom-left:0px;--awb-flex-wrap:wrap;\" ><div class=\"fusion-builder-row fusion-row\"><div class=\"fusion-layout-column fusion_builder_column fusion-builder-column-0 fusion_builder_column_4_5 4_5 fusion-four-fifth fusion-column-first\" style=\"--awb-bg-size:cover;width:80%;width:calc(80% - ( ( 4% ) * 0.8 ) );margin-right: 4%;\"><div class=\"fusion-column-wrapper fusion-flex-column-wrapper-legacy\"><div class=\"fusion-title title fusion-title-1 fusion-sep-none fusion-title-text fusion-title-size-one\" style=\"--awb-margin-bottom:40px;--awb-margin-top-small:10px;--awb-margin-right-small:0px;--awb-margin-bottom-small:10px;--awb-margin-left-small:0px;\"><h1 class=\"fusion-title-heading title-heading-left\" style=\"margin:0;\">Antichoc \u00e0 2 segments 80-120 Hp<\/h1><\/div><div class=\"fusion-image-element in-legacy-container\" style=\"--awb-caption-title-font-family:var(--h2_typography-font-family);--awb-caption-title-font-weight:var(--h2_typography-font-weight);--awb-caption-title-font-style:var(--h2_typography-font-style);--awb-caption-title-size:var(--h2_typography-font-size);--awb-caption-title-transform:var(--h2_typography-text-transform);--awb-caption-title-line-height:var(--h2_typography-line-height);--awb-caption-title-letter-spacing:var(--h2_typography-letter-spacing);\"><span class=\" fusion-imageframe imageframe-none imageframe-1 hover-type-none\"><img decoding=\"async\" width=\"750\" height=\"400\" title=\"midic\" src=\"https:\/\/www.angeloniweb.it\/wp-content\/uploads\/2017\/11\/midic.jpg\" alt class=\"img-responsive wp-image-898\" srcset=\"https:\/\/www.angeloniweb.it\/wp-content\/uploads\/2017\/11\/midic-200x107.jpg 200w, https:\/\/www.angeloniweb.it\/wp-content\/uploads\/2017\/11\/midic-400x213.jpg 400w, https:\/\/www.angeloniweb.it\/wp-content\/uploads\/2017\/11\/midic-600x320.jpg 600w, https:\/\/www.angeloniweb.it\/wp-content\/uploads\/2017\/11\/midic.jpg 750w\" sizes=\"(max-width: 1030px) 100vw, 750px\" \/><\/span><\/div><div class=\"fusion-sep-clear\"><\/div><div class=\"fusion-separator fusion-full-width-sep\" style=\"margin-left: auto;margin-right: auto;margin-top:20px;margin-bottom:20px;width:100%;\"><\/div><div class=\"fusion-sep-clear\"><\/div><div class=\"fusion-title title fusion-title-2 fusion-sep-none fusion-title-text fusion-title-size-two titoli-prodotti\" style=\"--awb-margin-top:20px;--awb-margin-bottom:0px;--awb-margin-top-small:10px;--awb-margin-right-small:0px;--awb-margin-bottom-small:10px;--awb-margin-left-small:0px;\"><h2 class=\"fusion-title-heading title-heading-left\" style=\"margin:0;\">\u00c9QUIPEMENTS DE S\u00c9RIE<\/h2><\/div><div class=\"fusion-sep-clear\"><\/div><div class=\"fusion-separator fusion-full-width-sep\" style=\"margin-left: auto;margin-right: auto;margin-top:0px;margin-bottom:20px;width:100%;\"><div class=\"fusion-separator-border sep-single sep-solid\" style=\"--awb-height:20px;--awb-amount:20px;--awb-sep-color:#999797;border-color:#999797;border-top-width:2px;\"><\/div><\/div><div class=\"fusion-sep-clear\"><\/div><div class=\"fusion-text fusion-text-1\"><ul class=\"linea\">\n<li class=\"p1\">Contre-plaque d&rsquo;attelage au tracteur<\/li>\n<li class=\"p1\">Ressorts antichoc avec chargement r\u00e9glable<\/li>\n<li class=\"p1\">Inclinaison avec v\u00e9rins hydrauliques et syst\u00e8me ANTICHOC<\/li>\n<li class=\"p1\">Levage avec v\u00e9rin hydraulique &#8211; 450 mm au-dessus de la terre<\/li>\n<li class=\"p1\">Lumi\u00e8res et drapeaux d&rsquo;encombrement pour circulation routi\u00e8re<\/li>\n<li class=\"p1\">Lame en HARDOX<\/li>\n<li class=\"p1\">B\u00e9quilles r\u00e9glables<\/li>\n<li class=\"p1\">Angle versoir 35\u00b0<\/li>\n<li class=\"p1\">Hauteur versoir 920 mm<\/li>\n<\/ul>\n<\/div><div class=\"fusion-sep-clear\"><\/div><div class=\"fusion-separator fusion-full-width-sep\" style=\"margin-left: auto;margin-right: auto;margin-top:20px;margin-bottom:20px;width:100%;\"><\/div><div class=\"fusion-sep-clear\"><\/div><div class=\"fusion-title title fusion-title-3 fusion-sep-none fusion-title-text fusion-title-size-two titoli-prodotti\" style=\"--awb-margin-top:20px;--awb-margin-bottom:0px;--awb-margin-top-small:10px;--awb-margin-right-small:0px;--awb-margin-bottom-small:10px;--awb-margin-left-small:0px;\"><h2 class=\"fusion-title-heading title-heading-left\" style=\"margin:0;\">ACCESSOIRES<\/h2><\/div><div class=\"fusion-sep-clear\"><\/div><div class=\"fusion-separator fusion-full-width-sep\" style=\"margin-left: auto;margin-right: auto;margin-top:0px;margin-bottom:20px;width:100%;\"><div class=\"fusion-separator-border sep-single sep-solid\" style=\"--awb-height:20px;--awb-amount:20px;--awb-sep-color:#999797;border-color:#999797;border-top-width:2px;\"><\/div><\/div><div class=\"fusion-sep-clear\"><\/div><div class=\"fusion-text fusion-text-2\"><ul class=\"linea\">\n<li>Montage au tracteur (seulement si dans l&rsquo;entreprise)<\/li>\n<li>Commande \u00e0 distance monolevier avec<br \/>\nbo\u00eetier pour tracteurs avec cabine<\/li>\n<li>Installation hydraulique ind\u00e9pendante avec unit\u00e9 de<br \/>\ncontr\u00f4le \u00e9lectrique et commande<\/li>\n<li>Installation dans notre \u00e9tablissement<\/li>\n<li>D\u00e9traction pour montage d\u00e9j\u00e0 existant sur votre tracteur<\/li>\n<li>Socles d&rsquo;appui r\u00e9glables<\/li>\n<li>Position blocage glace<\/li>\n<li>Ajout installation tracteur (seulement si dans l&rsquo;entreprise)<\/li>\n<li>Ajout installation tracteur + notre distributeur<\/li>\n<\/ul>\n<\/div><div class=\"fusion-sep-clear\"><\/div><div class=\"fusion-separator fusion-full-width-sep\" style=\"margin-left: auto;margin-right: auto;margin-top:20px;margin-bottom:20px;width:100%;\"><\/div><div class=\"fusion-sep-clear\"><\/div><div class=\"fusion-image-element in-legacy-container\" style=\"--awb-caption-title-font-family:var(--h2_typography-font-family);--awb-caption-title-font-weight:var(--h2_typography-font-weight);--awb-caption-title-font-style:var(--h2_typography-font-style);--awb-caption-title-size:var(--h2_typography-font-size);--awb-caption-title-transform:var(--h2_typography-text-transform);--awb-caption-title-line-height:var(--h2_typography-line-height);--awb-caption-title-letter-spacing:var(--h2_typography-letter-spacing);\"><span class=\" fusion-imageframe imageframe-none imageframe-2 hover-type-none\"><a href=\"https:\/\/www.angeloniweb.it\/wp-content\/uploads\/2022\/09\/tec-midi-c.png\" class=\"fusion-lightbox\" data-rel=\"iLightbox[f4c907f09df134da484]\" data-title=\"tec-midi-c\" title=\"tec-midi-c\"><img decoding=\"async\" width=\"950\" height=\"500\" src=\"https:\/\/www.angeloniweb.it\/wp-content\/uploads\/2022\/09\/tec-midi-c.png\" alt class=\"img-responsive wp-image-4689\" srcset=\"https:\/\/www.angeloniweb.it\/wp-content\/uploads\/2022\/09\/tec-midi-c-200x105.png 200w, https:\/\/www.angeloniweb.it\/wp-content\/uploads\/2022\/09\/tec-midi-c-400x211.png 400w, https:\/\/www.angeloniweb.it\/wp-content\/uploads\/2022\/09\/tec-midi-c-600x316.png 600w, https:\/\/www.angeloniweb.it\/wp-content\/uploads\/2022\/09\/tec-midi-c-800x421.png 800w, https:\/\/www.angeloniweb.it\/wp-content\/uploads\/2022\/09\/tec-midi-c.png 950w\" sizes=\"(max-width: 1030px) 100vw, 950px\" \/><\/a><\/span><\/div><div class=\"fusion-sep-clear\"><\/div><div class=\"fusion-separator fusion-full-width-sep\" style=\"margin-left: auto;margin-right: auto;margin-top:20px;margin-bottom:20px;width:100%;\"><\/div><div class=\"fusion-sep-clear\"><\/div><div class=\"fusion-clearfix\"><\/div><\/div><\/div><div class=\"fusion-layout-column fusion_builder_column fusion-builder-column-1 fusion_builder_column_1_5 1_5 fusion-one-fifth fusion-column-last\" style=\"--awb-bg-size:cover;--awb-margin-top:50px;width:20%;width:calc(20% - ( ( 4% ) * 0.2 ) );\"><div class=\"fusion-column-wrapper fusion-flex-column-wrapper-legacy\"><div class=\"fusion-title title fusion-title-4 fusion-sep-none fusion-title-text fusion-title-size-one title-menu-prodotti\" style=\"--awb-margin-top-small:10px;--awb-margin-right-small:0px;--awb-margin-bottom-small:10px;--awb-margin-left-small:0px;\"><h1 class=\"fusion-title-heading title-heading-left\" style=\"margin:0;\">Lames \u00e0 neige<\/h1><\/div><div class=\"fusion-widget-area awb-widget-area-element fusion-widget-area-1 fusion-content-widget-area\" style=\"--awb-title-size:;--awb-title-color:#ea6300;--awb-padding:0px 0px 0px 0px;\"><div id=\"nav_menu-32\" class=\"widget widget_nav_menu\"><div class=\"menu-lame-a-niege-container\"><ul id=\"menu-lame-a-niege\" class=\"menu\"><li id=\"menu-item-3316\" class=\"menu-item menu-item-type-post_type menu-item-object-page menu-item-3316\"><a href=\"https:\/\/www.angeloniweb.it\/fr\/produits\/applications\/lames-a-neige\/serie-maxi-3p-2\/\">S\u00e9rie MAXI 3P<\/a><\/li>\n<li id=\"menu-item-3317\" class=\"menu-item menu-item-type-post_type menu-item-object-page menu-item-3317\"><a href=\"https:\/\/www.angeloniweb.it\/fr\/produits\/applications\/lames-a-neige\/serie-maxi-c\/\">S\u00e9rie MAXI C<\/a><\/li>\n<li id=\"menu-item-3363\" class=\"menu-item menu-item-type-post_type menu-item-object-page menu-item-3363\"><a href=\"https:\/\/www.angeloniweb.it\/fr\/produits\/applications\/lames-a-neige\/serie-midi-3p\/\">S\u00e9rie MIDI 3P<\/a><\/li>\n<li id=\"menu-item-3362\" class=\"menu-item menu-item-type-post_type menu-item-object-page menu-item-3362\"><a href=\"https:\/\/www.angeloniweb.it\/fr\/produits\/applications\/lames-a-neige\/serie-midi-c\/\">S\u00e9rie MIDI C<\/a><\/li>\n<li id=\"menu-item-3358\" class=\"menu-item menu-item-type-post_type menu-item-object-page menu-item-3358\"><a href=\"https:\/\/www.angeloniweb.it\/fr\/produits\/applications\/lames-a-neige\/serie-small-3p\/\">S\u00e9rie SMALL 3P<\/a><\/li>\n<li id=\"menu-item-3361\" class=\"menu-item menu-item-type-post_type menu-item-object-page menu-item-3361\"><a href=\"https:\/\/www.angeloniweb.it\/fr\/produits\/applications\/lames-a-neige\/serie-ssa-v\/\">S\u00e9rie SSA V<\/a><\/li>\n<\/ul><\/div><\/div><div class=\"fusion-additional-widget-content\"><\/div><\/div><div class=\"fusion-clearfix\"><\/div><\/div><\/div><\/div><\/div>\n","protected":false},"excerpt":{"rendered":"","protected":false},"author":1,"featured_media":0,"parent":3480,"menu_order":0,"comment_status":"closed","ping_status":"closed","template":"100-width.php","meta":{"footnotes":""},"class_list":["post-3328","page","type-page","status-publish","hentry"],"yoast_head":"<!-- This site is optimized with the Yoast SEO plugin v27.3 - https:\/\/yoast.com\/product\/yoast-seo-wordpress\/ -->\n<title>S\u00e9rie MIDI C - ANGELONI SRL<\/title>\n<meta name=\"robots\" content=\"index, follow, max-snippet:-1, max-image-preview:large, max-video-preview:-1\" \/>\n<link rel=\"canonical\" href=\"https:\/\/www.angeloniweb.it\/fr\/produits\/applications\/lames-a-neige\/serie-midi-c\/\" \/>\n<meta property=\"og:locale\" content=\"fr_FR\" \/>\n<meta property=\"og:type\" content=\"article\" \/>\n<meta property=\"og:title\" content=\"S\u00e9rie MIDI C - ANGELONI SRL\" \/>\n<meta property=\"og:url\" content=\"https:\/\/www.angeloniweb.it\/fr\/produits\/applications\/lames-a-neige\/serie-midi-c\/\" \/>\n<meta property=\"og:site_name\" content=\"ANGELONI SRL\" \/>\n<meta property=\"article:modified_time\" content=\"2022-09-09T17:08:29+00:00\" \/>\n<meta name=\"twitter:card\" content=\"summary_large_image\" \/>\n<meta name=\"twitter:label1\" content=\"Dur\u00e9e de lecture estim\u00e9e\" \/>\n\t<meta name=\"twitter:data1\" content=\"3 minutes\" \/>\n<script type=\"application\/ld+json\" class=\"yoast-schema-graph\">{\"@context\":\"https:\\\/\\\/schema.org\",\"@graph\":[{\"@type\":\"WebPage\",\"@id\":\"https:\\\/\\\/www.angeloniweb.it\\\/fr\\\/produits\\\/applications\\\/lames-a-neige\\\/serie-midi-c\\\/\",\"url\":\"https:\\\/\\\/www.angeloniweb.it\\\/fr\\\/produits\\\/applications\\\/lames-a-neige\\\/serie-midi-c\\\/\",\"name\":\"S\u00e9rie MIDI C - ANGELONI SRL\",\"isPartOf\":{\"@id\":\"https:\\\/\\\/www.angeloniweb.it\\\/fr\\\/#website\"},\"datePublished\":\"2017-10-31T08:59:10+00:00\",\"dateModified\":\"2022-09-09T17:08:29+00:00\",\"breadcrumb\":{\"@id\":\"https:\\\/\\\/www.angeloniweb.it\\\/fr\\\/produits\\\/applications\\\/lames-a-neige\\\/serie-midi-c\\\/#breadcrumb\"},\"inLanguage\":\"fr-FR\",\"potentialAction\":[{\"@type\":\"ReadAction\",\"target\":[\"https:\\\/\\\/www.angeloniweb.it\\\/fr\\\/produits\\\/applications\\\/lames-a-neige\\\/serie-midi-c\\\/\"]}]},{\"@type\":\"BreadcrumbList\",\"@id\":\"https:\\\/\\\/www.angeloniweb.it\\\/fr\\\/produits\\\/applications\\\/lames-a-neige\\\/serie-midi-c\\\/#breadcrumb\",\"itemListElement\":[{\"@type\":\"ListItem\",\"position\":1,\"name\":\"Home\",\"item\":\"https:\\\/\\\/www.angeloniweb.it\\\/fr\\\/\"},{\"@type\":\"ListItem\",\"position\":2,\"name\":\"Produits\",\"item\":\"https:\\\/\\\/www.angeloniweb.it\\\/fr\\\/produits\\\/\"},{\"@type\":\"ListItem\",\"position\":3,\"name\":\"Applications\",\"item\":\"https:\\\/\\\/www.angeloniweb.it\\\/fr\\\/produits\\\/applications\\\/\"},{\"@type\":\"ListItem\",\"position\":4,\"name\":\"Lames \u00e0 neige\",\"item\":\"https:\\\/\\\/www.angeloniweb.it\\\/fr\\\/produits\\\/applications\\\/lames-a-neige\\\/\"},{\"@type\":\"ListItem\",\"position\":5,\"name\":\"S\u00e9rie MIDI C\"}]},{\"@type\":\"WebSite\",\"@id\":\"https:\\\/\\\/www.angeloniweb.it\\\/fr\\\/#website\",\"url\":\"https:\\\/\\\/www.angeloniweb.it\\\/fr\\\/\",\"name\":\"ANGELONI SRL\",\"description\":\"Macchine Agricole\",\"publisher\":{\"@id\":\"https:\\\/\\\/www.angeloniweb.it\\\/fr\\\/#organization\"},\"potentialAction\":[{\"@type\":\"SearchAction\",\"target\":{\"@type\":\"EntryPoint\",\"urlTemplate\":\"https:\\\/\\\/www.angeloniweb.it\\\/fr\\\/?s={search_term_string}\"},\"query-input\":{\"@type\":\"PropertyValueSpecification\",\"valueRequired\":true,\"valueName\":\"search_term_string\"}}],\"inLanguage\":\"fr-FR\"},{\"@type\":\"Organization\",\"@id\":\"https:\\\/\\\/www.angeloniweb.it\\\/fr\\\/#organization\",\"name\":\"Angeloni Srl\",\"url\":\"https:\\\/\\\/www.angeloniweb.it\\\/fr\\\/\",\"logo\":{\"@type\":\"ImageObject\",\"inLanguage\":\"fr-FR\",\"@id\":\"https:\\\/\\\/www.angeloniweb.it\\\/fr\\\/#\\\/schema\\\/logo\\\/image\\\/\",\"url\":\"https:\\\/\\\/www.angeloniweb.it\\\/wp-content\\\/uploads\\\/2017\\\/11\\\/logo_pdf.png\",\"contentUrl\":\"https:\\\/\\\/www.angeloniweb.it\\\/wp-content\\\/uploads\\\/2017\\\/11\\\/logo_pdf.png\",\"width\":200,\"height\":49,\"caption\":\"Angeloni Srl\"},\"image\":{\"@id\":\"https:\\\/\\\/www.angeloniweb.it\\\/fr\\\/#\\\/schema\\\/logo\\\/image\\\/\"},\"sameAs\":[\"https:\\\/\\\/www.youtube.com\\\/channel\\\/UCCzeJGF_kigS6siFMLuuKxQ\"]}]}<\/script>\n<!-- \/ Yoast SEO plugin. -->","yoast_head_json":{"title":"S\u00e9rie MIDI C - ANGELONI SRL","robots":{"index":"index","follow":"follow","max-snippet":"max-snippet:-1","max-image-preview":"max-image-preview:large","max-video-preview":"max-video-preview:-1"},"canonical":"https:\/\/www.angeloniweb.it\/fr\/produits\/applications\/lames-a-neige\/serie-midi-c\/","og_locale":"fr_FR","og_type":"article","og_title":"S\u00e9rie MIDI C - ANGELONI SRL","og_url":"https:\/\/www.angeloniweb.it\/fr\/produits\/applications\/lames-a-neige\/serie-midi-c\/","og_site_name":"ANGELONI SRL","article_modified_time":"2022-09-09T17:08:29+00:00","twitter_card":"summary_large_image","twitter_misc":{"Dur\u00e9e de lecture estim\u00e9e":"3 minutes"},"schema":{"@context":"https:\/\/schema.org","@graph":[{"@type":"WebPage","@id":"https:\/\/www.angeloniweb.it\/fr\/produits\/applications\/lames-a-neige\/serie-midi-c\/","url":"https:\/\/www.angeloniweb.it\/fr\/produits\/applications\/lames-a-neige\/serie-midi-c\/","name":"S\u00e9rie MIDI C - ANGELONI SRL","isPartOf":{"@id":"https:\/\/www.angeloniweb.it\/fr\/#website"},"datePublished":"2017-10-31T08:59:10+00:00","dateModified":"2022-09-09T17:08:29+00:00","breadcrumb":{"@id":"https:\/\/www.angeloniweb.it\/fr\/produits\/applications\/lames-a-neige\/serie-midi-c\/#breadcrumb"},"inLanguage":"fr-FR","potentialAction":[{"@type":"ReadAction","target":["https:\/\/www.angeloniweb.it\/fr\/produits\/applications\/lames-a-neige\/serie-midi-c\/"]}]},{"@type":"BreadcrumbList","@id":"https:\/\/www.angeloniweb.it\/fr\/produits\/applications\/lames-a-neige\/serie-midi-c\/#breadcrumb","itemListElement":[{"@type":"ListItem","position":1,"name":"Home","item":"https:\/\/www.angeloniweb.it\/fr\/"},{"@type":"ListItem","position":2,"name":"Produits","item":"https:\/\/www.angeloniweb.it\/fr\/produits\/"},{"@type":"ListItem","position":3,"name":"Applications","item":"https:\/\/www.angeloniweb.it\/fr\/produits\/applications\/"},{"@type":"ListItem","position":4,"name":"Lames \u00e0 neige","item":"https:\/\/www.angeloniweb.it\/fr\/produits\/applications\/lames-a-neige\/"},{"@type":"ListItem","position":5,"name":"S\u00e9rie MIDI C"}]},{"@type":"WebSite","@id":"https:\/\/www.angeloniweb.it\/fr\/#website","url":"https:\/\/www.angeloniweb.it\/fr\/","name":"ANGELONI SRL","description":"Macchine Agricole","publisher":{"@id":"https:\/\/www.angeloniweb.it\/fr\/#organization"},"potentialAction":[{"@type":"SearchAction","target":{"@type":"EntryPoint","urlTemplate":"https:\/\/www.angeloniweb.it\/fr\/?s={search_term_string}"},"query-input":{"@type":"PropertyValueSpecification","valueRequired":true,"valueName":"search_term_string"}}],"inLanguage":"fr-FR"},{"@type":"Organization","@id":"https:\/\/www.angeloniweb.it\/fr\/#organization","name":"Angeloni Srl","url":"https:\/\/www.angeloniweb.it\/fr\/","logo":{"@type":"ImageObject","inLanguage":"fr-FR","@id":"https:\/\/www.angeloniweb.it\/fr\/#\/schema\/logo\/image\/","url":"https:\/\/www.angeloniweb.it\/wp-content\/uploads\/2017\/11\/logo_pdf.png","contentUrl":"https:\/\/www.angeloniweb.it\/wp-content\/uploads\/2017\/11\/logo_pdf.png","width":200,"height":49,"caption":"Angeloni Srl"},"image":{"@id":"https:\/\/www.angeloniweb.it\/fr\/#\/schema\/logo\/image\/"},"sameAs":["https:\/\/www.youtube.com\/channel\/UCCzeJGF_kigS6siFMLuuKxQ"]}]}},"_links":{"self":[{"href":"https:\/\/www.angeloniweb.it\/fr\/wp-json\/wp\/v2\/pages\/3328","targetHints":{"allow":["GET"]}}],"collection":[{"href":"https:\/\/www.angeloniweb.it\/fr\/wp-json\/wp\/v2\/pages"}],"about":[{"href":"https:\/\/www.angeloniweb.it\/fr\/wp-json\/wp\/v2\/types\/page"}],"author":[{"embeddable":true,"href":"https:\/\/www.angeloniweb.it\/fr\/wp-json\/wp\/v2\/users\/1"}],"replies":[{"embeddable":true,"href":"https:\/\/www.angeloniweb.it\/fr\/wp-json\/wp\/v2\/comments?post=3328"}],"version-history":[{"count":5,"href":"https:\/\/www.angeloniweb.it\/fr\/wp-json\/wp\/v2\/pages\/3328\/revisions"}],"predecessor-version":[{"id":4702,"href":"https:\/\/www.angeloniweb.it\/fr\/wp-json\/wp\/v2\/pages\/3328\/revisions\/4702"}],"up":[{"embeddable":true,"href":"https:\/\/www.angeloniweb.it\/fr\/wp-json\/wp\/v2\/pages\/3480"}],"wp:attachment":[{"href":"https:\/\/www.angeloniweb.it\/fr\/wp-json\/wp\/v2\/media?parent=3328"}],"curies":[{"name":"wp","href":"https:\/\/api.w.org\/{rel}","templated":true}]}}