{"id":3285,"date":"2017-10-31T12:41:06","date_gmt":"2017-10-31T11:41:06","guid":{"rendered":"https:\/\/www.angeloniweb.it\/?page_id=3285"},"modified":"2018-03-06T10:34:01","modified_gmt":"2018-03-06T09:34:01","slug":"serie-cf","status":"publish","type":"page","link":"https:\/\/www.angeloniweb.it\/fr\/produits\/applications\/chargeur-frontaux\/serie-cf\/","title":{"rendered":"Serie CF"},"content":{"rendered":"<div class=\"fusion-fullwidth fullwidth-box fusion-builder-row-1 nonhundred-percent-fullwidth non-hundred-percent-height-scrolling\" style=\"--awb-border-radius-top-left:0px;--awb-border-radius-top-right:0px;--awb-border-radius-bottom-right:0px;--awb-border-radius-bottom-left:0px;--awb-flex-wrap:wrap;\" ><div class=\"fusion-builder-row fusion-row\"><div class=\"fusion-layout-column fusion_builder_column fusion-builder-column-0 fusion_builder_column_4_5 4_5 fusion-four-fifth fusion-column-first\" style=\"--awb-bg-size:cover;width:80%;width:calc(80% - ( ( 4% ) * 0.8 ) );margin-right: 4%;\"><div class=\"fusion-column-wrapper fusion-flex-column-wrapper-legacy\"><div class=\"fusion-title title fusion-title-1 fusion-sep-none fusion-title-text fusion-title-size-one\" style=\"--awb-margin-bottom:40px;--awb-margin-top-small:10px;--awb-margin-right-small:0px;--awb-margin-bottom-small:10px;--awb-margin-left-small:0px;\"><h1 class=\"fusion-title-heading title-heading-left\" style=\"margin:0;\">Chargeur frontal pour petits tracteurs<\/h1><\/div><div class=\"fusion-image-element in-legacy-container\" style=\"--awb-caption-title-font-family:var(--h2_typography-font-family);--awb-caption-title-font-weight:var(--h2_typography-font-weight);--awb-caption-title-font-style:var(--h2_typography-font-style);--awb-caption-title-size:var(--h2_typography-font-size);--awb-caption-title-transform:var(--h2_typography-text-transform);--awb-caption-title-line-height:var(--h2_typography-line-height);--awb-caption-title-letter-spacing:var(--h2_typography-letter-spacing);\"><span class=\" fusion-imageframe imageframe-none imageframe-1 hover-type-none\"><img decoding=\"async\" width=\"750\" height=\"400\" title=\"cf\" src=\"https:\/\/www.angeloniweb.it\/wp-content\/uploads\/2017\/11\/cf.jpg\" alt class=\"img-responsive wp-image-868\" srcset=\"https:\/\/www.angeloniweb.it\/wp-content\/uploads\/2017\/11\/cf-200x107.jpg 200w, https:\/\/www.angeloniweb.it\/wp-content\/uploads\/2017\/11\/cf-400x213.jpg 400w, https:\/\/www.angeloniweb.it\/wp-content\/uploads\/2017\/11\/cf-600x320.jpg 600w, https:\/\/www.angeloniweb.it\/wp-content\/uploads\/2017\/11\/cf.jpg 750w\" sizes=\"(max-width: 1030px) 100vw, 750px\" \/><\/span><\/div><div class=\"fusion-sep-clear\"><\/div><div class=\"fusion-separator fusion-full-width-sep\" style=\"margin-left: auto;margin-right: auto;margin-top:20px;margin-bottom:20px;width:100%;\"><\/div><div class=\"fusion-sep-clear\"><\/div><div class=\"fusion-title title fusion-title-2 fusion-sep-none fusion-title-text fusion-title-size-two titoli-prodotti\" style=\"--awb-margin-top:20px;--awb-margin-bottom:0px;--awb-margin-top-small:10px;--awb-margin-right-small:0px;--awb-margin-bottom-small:10px;--awb-margin-left-small:0px;\"><h2 class=\"fusion-title-heading title-heading-left\" style=\"margin:0;\">\u00c9QUIPEMENT DE S\u00c9RIE<\/h2><\/div><div class=\"fusion-sep-clear\"><\/div><div class=\"fusion-separator fusion-full-width-sep\" style=\"margin-left: auto;margin-right: auto;margin-top:0px;margin-bottom:20px;width:100%;\"><div class=\"fusion-separator-border sep-single sep-solid\" style=\"--awb-height:20px;--awb-amount:20px;--awb-sep-color:#999797;border-color:#999797;border-top-width:2px;\"><\/div><\/div><div class=\"fusion-sep-clear\"><\/div><div class=\"fusion-text fusion-text-1\"><ul class=\"linea\">\n<li>Chassis portantsde l&rsquo;avant-train aux essieux arri\u00e8re<\/li>\n<li>D\u00e9telage rapide du tracteur<\/li>\n<li>B\u00e9quilles reglables sur le chargeur<\/li>\n<li>Nivellement automatique m\u00e8canique<\/li>\n<li>4 v\u00e9rins \u00e0 double effet Goupilles en acier tremp\u00e9<\/li>\n<li>Bagues en acier c\u00e9ment\u00e9 SANS outils treminaux<\/li>\n<li>SANS detelage rapide outils terminaux<\/li>\n<\/ul>\n<\/div><div class=\"fusion-sep-clear\"><\/div><div class=\"fusion-separator fusion-full-width-sep\" style=\"margin-left: auto;margin-right: auto;margin-top:20px;margin-bottom:20px;width:100%;\"><\/div><div class=\"fusion-sep-clear\"><\/div><div class=\"fusion-title title fusion-title-3 fusion-sep-none fusion-title-text fusion-title-size-two titoli-prodotti\" style=\"--awb-margin-top:20px;--awb-margin-bottom:0px;--awb-margin-top-small:10px;--awb-margin-right-small:0px;--awb-margin-bottom-small:10px;--awb-margin-left-small:0px;\"><h2 class=\"fusion-title-heading title-heading-left\" style=\"margin:0;\">ACCESSOIRES<\/h2><\/div><div class=\"fusion-sep-clear\"><\/div><div class=\"fusion-separator fusion-full-width-sep\" style=\"margin-left: auto;margin-right: auto;margin-top:0px;margin-bottom:20px;width:100%;\"><div class=\"fusion-separator-border sep-single sep-solid\" style=\"--awb-height:20px;--awb-amount:20px;--awb-sep-color:#999797;border-color:#999797;border-top-width:2px;\"><\/div><\/div><div class=\"fusion-sep-clear\"><\/div><div class=\"fusion-text fusion-text-2\"><ul class=\"linea\">\n<li>Detelage rapide outils terminaux<\/li>\n<li>Commande \u00e0 distance monolevier<\/li>\n<li>Version 3, machine avec installation tracteur<\/li>\n<\/ul>\n<\/div><div class=\"fusion-sep-clear\"><\/div><div class=\"fusion-separator fusion-full-width-sep\" style=\"margin-left: auto;margin-right: auto;margin-top:20px;margin-bottom:20px;width:100%;\"><\/div><div class=\"fusion-sep-clear\"><\/div><div class=\"fusion-title title fusion-title-4 fusion-sep-none fusion-title-text fusion-title-size-two titoli-prodotti\" style=\"--awb-margin-top:20px;--awb-margin-bottom:0px;--awb-margin-top-small:10px;--awb-margin-right-small:0px;--awb-margin-bottom-small:10px;--awb-margin-left-small:0px;\"><h2 class=\"fusion-title-heading title-heading-left\" style=\"margin:0;\">OUTILS<\/h2><\/div><div class=\"fusion-sep-clear\"><\/div><div class=\"fusion-separator fusion-full-width-sep\" style=\"margin-left: auto;margin-right: auto;margin-top:0px;margin-bottom:20px;width:100%;\"><div class=\"fusion-separator-border sep-single sep-solid\" style=\"--awb-height:20px;--awb-amount:20px;--awb-sep-color:#999797;border-color:#999797;border-top-width:2px;\"><\/div><\/div><div class=\"fusion-sep-clear\"><\/div><div class=\"fusion-text fusion-text-3\"><ul class=\"linea\">\n<li>Godet \u00e0 terre 1300 mm<\/li>\n<li>Godet \u00e0 terre 1500 mm<\/li>\n<li>Dent pour godet<\/li>\n<li>Fourche \u00e0 fumier 1300 mm<\/li>\n<li>Fourche \u00e0 fumier 1500 mm<\/li>\n<li>Fourche l\u00e8ve palettes avec dents FEM r\u00e9glable<\/li>\n<li>Fourche \u00e0 balles rondes avec dents 800 x 42 mm<\/li>\n<\/ul>\n<\/div><div class=\"fusion-image-element in-legacy-container\" style=\"--awb-caption-title-font-family:var(--h2_typography-font-family);--awb-caption-title-font-weight:var(--h2_typography-font-weight);--awb-caption-title-font-style:var(--h2_typography-font-style);--awb-caption-title-size:var(--h2_typography-font-size);--awb-caption-title-transform:var(--h2_typography-text-transform);--awb-caption-title-line-height:var(--h2_typography-line-height);--awb-caption-title-letter-spacing:var(--h2_typography-letter-spacing);\"><span class=\" fusion-imageframe imageframe-none imageframe-2 hover-type-none\"><a href=\"https:\/\/www.angeloniweb.it\/wp-content\/uploads\/2017\/10\/Pag-30-PV.jpg\" class=\"fusion-lightbox\" data-rel=\"iLightbox[1332c01f285e55a9c9d]\" data-title=\"Pag-30-PV\" title=\"Pag-30-PV\"><img decoding=\"async\" width=\"963\" height=\"850\" src=\"https:\/\/www.angeloniweb.it\/wp-content\/uploads\/2017\/10\/Pag-30-PV.jpg\" alt class=\"img-responsive wp-image-3370\" srcset=\"https:\/\/www.angeloniweb.it\/wp-content\/uploads\/2017\/10\/Pag-30-PV-200x177.jpg 200w, https:\/\/www.angeloniweb.it\/wp-content\/uploads\/2017\/10\/Pag-30-PV-400x353.jpg 400w, https:\/\/www.angeloniweb.it\/wp-content\/uploads\/2017\/10\/Pag-30-PV-600x530.jpg 600w, https:\/\/www.angeloniweb.it\/wp-content\/uploads\/2017\/10\/Pag-30-PV-800x706.jpg 800w, https:\/\/www.angeloniweb.it\/wp-content\/uploads\/2017\/10\/Pag-30-PV.jpg 963w\" sizes=\"(max-width: 1030px) 100vw, 963px\" \/><\/a><\/span><\/div><div class=\"fusion-sep-clear\"><\/div><div class=\"fusion-separator fusion-full-width-sep\" style=\"margin-left: auto;margin-right: auto;margin-top:20px;margin-bottom:20px;width:100%;\"><\/div><div class=\"fusion-sep-clear\"><\/div><div class=\"fusion-clearfix\"><\/div><\/div><\/div><div class=\"fusion-layout-column fusion_builder_column fusion-builder-column-1 fusion_builder_column_1_5 1_5 fusion-one-fifth fusion-column-last\" style=\"--awb-bg-size:cover;--awb-margin-top:50px;width:20%;width:calc(20% - ( ( 4% ) * 0.2 ) );\"><div class=\"fusion-column-wrapper fusion-flex-column-wrapper-legacy\"><div class=\"fusion-title title fusion-title-5 fusion-sep-none fusion-title-text fusion-title-size-one title-menu-prodotti\" style=\"--awb-margin-top-small:10px;--awb-margin-right-small:0px;--awb-margin-bottom-small:10px;--awb-margin-left-small:0px;\"><h1 class=\"fusion-title-heading title-heading-left\" style=\"margin:0;\">Chargeur frontaux<\/h1><\/div><div class=\"fusion-widget-area awb-widget-area-element fusion-widget-area-1 fusion-content-widget-area\" style=\"--awb-title-size:;--awb-title-color:#ea6300;--awb-padding:0px 0px 0px 0px;\"><div id=\"nav_menu-31\" class=\"widget widget_nav_menu\"><div class=\"menu-chargeur-frontaux-container\"><ul id=\"menu-chargeur-frontaux\" class=\"menu\"><li id=\"menu-item-3322\" class=\"menu-item menu-item-type-post_type menu-item-object-page menu-item-3322\"><a href=\"https:\/\/www.angeloniweb.it\/fr\/produits\/applications\/chargeur-frontaux\/serie-vision\/\">S\u00e9rie VISION<\/a><\/li>\n<li id=\"menu-item-3321\" class=\"menu-item menu-item-type-post_type menu-item-object-page menu-item-3321\"><a href=\"https:\/\/www.angeloniweb.it\/fr\/produits\/applications\/chargeur-frontaux\/serie-twin\/\">S\u00e9rie TEKNA<\/a><\/li>\n<li id=\"menu-item-3320\" class=\"menu-item menu-item-type-post_type menu-item-object-page menu-item-3320\"><a href=\"https:\/\/www.angeloniweb.it\/fr\/produits\/applications\/chargeur-frontaux\/serie-smart\/\">Serie SMART<\/a><\/li>\n<li id=\"menu-item-3319\" class=\"menu-item menu-item-type-post_type menu-item-object-page menu-item-3319\"><a href=\"https:\/\/www.angeloniweb.it\/fr\/produits\/applications\/chargeur-frontaux\/serie-energy\/\">Serie ENERGY<\/a><\/li>\n<li id=\"menu-item-3318\" class=\"menu-item menu-item-type-post_type menu-item-object-page menu-item-3318\"><a href=\"https:\/\/www.angeloniweb.it\/fr\/produits\/applications\/chargeur-frontaux\/serie-cf\/\">Serie CF<\/a><\/li>\n<\/ul><\/div><\/div><div class=\"fusion-additional-widget-content\"><\/div><\/div><div class=\"fusion-clearfix\"><\/div><\/div><\/div><\/div><\/div>\n","protected":false},"excerpt":{"rendered":"","protected":false},"author":1,"featured_media":0,"parent":3409,"menu_order":0,"comment_status":"closed","ping_status":"closed","template":"100-width.php","meta":{"footnotes":""},"class_list":["post-3285","page","type-page","status-publish","hentry"],"yoast_head":"<!-- This site is optimized with the Yoast SEO plugin v27.3 - https:\/\/yoast.com\/product\/yoast-seo-wordpress\/ -->\n<title>Serie CF - ANGELONI SRL<\/title>\n<meta name=\"robots\" content=\"index, follow, max-snippet:-1, max-image-preview:large, max-video-preview:-1\" \/>\n<link rel=\"canonical\" href=\"https:\/\/www.angeloniweb.it\/fr\/produits\/applications\/chargeur-frontaux\/serie-cf\/\" \/>\n<meta property=\"og:locale\" content=\"fr_FR\" \/>\n<meta property=\"og:type\" content=\"article\" \/>\n<meta property=\"og:title\" content=\"Serie CF - ANGELONI SRL\" \/>\n<meta property=\"og:url\" content=\"https:\/\/www.angeloniweb.it\/fr\/produits\/applications\/chargeur-frontaux\/serie-cf\/\" \/>\n<meta property=\"og:site_name\" content=\"ANGELONI SRL\" \/>\n<meta property=\"article:modified_time\" content=\"2018-03-06T09:34:01+00:00\" \/>\n<meta name=\"twitter:card\" content=\"summary_large_image\" \/>\n<meta name=\"twitter:label1\" content=\"Dur\u00e9e de lecture estim\u00e9e\" \/>\n\t<meta name=\"twitter:data1\" content=\"4 minutes\" \/>\n<script type=\"application\/ld+json\" class=\"yoast-schema-graph\">{\"@context\":\"https:\\\/\\\/schema.org\",\"@graph\":[{\"@type\":\"WebPage\",\"@id\":\"https:\\\/\\\/www.angeloniweb.it\\\/fr\\\/produits\\\/applications\\\/chargeur-frontaux\\\/serie-cf\\\/\",\"url\":\"https:\\\/\\\/www.angeloniweb.it\\\/fr\\\/produits\\\/applications\\\/chargeur-frontaux\\\/serie-cf\\\/\",\"name\":\"Serie CF - ANGELONI SRL\",\"isPartOf\":{\"@id\":\"https:\\\/\\\/www.angeloniweb.it\\\/fr\\\/#website\"},\"datePublished\":\"2017-10-31T11:41:06+00:00\",\"dateModified\":\"2018-03-06T09:34:01+00:00\",\"breadcrumb\":{\"@id\":\"https:\\\/\\\/www.angeloniweb.it\\\/fr\\\/produits\\\/applications\\\/chargeur-frontaux\\\/serie-cf\\\/#breadcrumb\"},\"inLanguage\":\"fr-FR\",\"potentialAction\":[{\"@type\":\"ReadAction\",\"target\":[\"https:\\\/\\\/www.angeloniweb.it\\\/fr\\\/produits\\\/applications\\\/chargeur-frontaux\\\/serie-cf\\\/\"]}]},{\"@type\":\"BreadcrumbList\",\"@id\":\"https:\\\/\\\/www.angeloniweb.it\\\/fr\\\/produits\\\/applications\\\/chargeur-frontaux\\\/serie-cf\\\/#breadcrumb\",\"itemListElement\":[{\"@type\":\"ListItem\",\"position\":1,\"name\":\"Home\",\"item\":\"https:\\\/\\\/www.angeloniweb.it\\\/fr\\\/\"},{\"@type\":\"ListItem\",\"position\":2,\"name\":\"Produits\",\"item\":\"https:\\\/\\\/www.angeloniweb.it\\\/fr\\\/produits\\\/\"},{\"@type\":\"ListItem\",\"position\":3,\"name\":\"Applications\",\"item\":\"https:\\\/\\\/www.angeloniweb.it\\\/fr\\\/produits\\\/applications\\\/\"},{\"@type\":\"ListItem\",\"position\":4,\"name\":\"Chargeurs frontaux\",\"item\":\"https:\\\/\\\/www.angeloniweb.it\\\/fr\\\/produits\\\/applications\\\/chargeur-frontaux\\\/\"},{\"@type\":\"ListItem\",\"position\":5,\"name\":\"Serie CF\"}]},{\"@type\":\"WebSite\",\"@id\":\"https:\\\/\\\/www.angeloniweb.it\\\/fr\\\/#website\",\"url\":\"https:\\\/\\\/www.angeloniweb.it\\\/fr\\\/\",\"name\":\"ANGELONI SRL\",\"description\":\"Macchine Agricole\",\"publisher\":{\"@id\":\"https:\\\/\\\/www.angeloniweb.it\\\/fr\\\/#organization\"},\"potentialAction\":[{\"@type\":\"SearchAction\",\"target\":{\"@type\":\"EntryPoint\",\"urlTemplate\":\"https:\\\/\\\/www.angeloniweb.it\\\/fr\\\/?s={search_term_string}\"},\"query-input\":{\"@type\":\"PropertyValueSpecification\",\"valueRequired\":true,\"valueName\":\"search_term_string\"}}],\"inLanguage\":\"fr-FR\"},{\"@type\":\"Organization\",\"@id\":\"https:\\\/\\\/www.angeloniweb.it\\\/fr\\\/#organization\",\"name\":\"Angeloni Srl\",\"url\":\"https:\\\/\\\/www.angeloniweb.it\\\/fr\\\/\",\"logo\":{\"@type\":\"ImageObject\",\"inLanguage\":\"fr-FR\",\"@id\":\"https:\\\/\\\/www.angeloniweb.it\\\/fr\\\/#\\\/schema\\\/logo\\\/image\\\/\",\"url\":\"https:\\\/\\\/www.angeloniweb.it\\\/wp-content\\\/uploads\\\/2017\\\/11\\\/logo_pdf.png\",\"contentUrl\":\"https:\\\/\\\/www.angeloniweb.it\\\/wp-content\\\/uploads\\\/2017\\\/11\\\/logo_pdf.png\",\"width\":200,\"height\":49,\"caption\":\"Angeloni Srl\"},\"image\":{\"@id\":\"https:\\\/\\\/www.angeloniweb.it\\\/fr\\\/#\\\/schema\\\/logo\\\/image\\\/\"},\"sameAs\":[\"https:\\\/\\\/www.youtube.com\\\/channel\\\/UCCzeJGF_kigS6siFMLuuKxQ\"]}]}<\/script>\n<!-- \/ Yoast SEO plugin. -->","yoast_head_json":{"title":"Serie CF - ANGELONI SRL","robots":{"index":"index","follow":"follow","max-snippet":"max-snippet:-1","max-image-preview":"max-image-preview:large","max-video-preview":"max-video-preview:-1"},"canonical":"https:\/\/www.angeloniweb.it\/fr\/produits\/applications\/chargeur-frontaux\/serie-cf\/","og_locale":"fr_FR","og_type":"article","og_title":"Serie CF - ANGELONI SRL","og_url":"https:\/\/www.angeloniweb.it\/fr\/produits\/applications\/chargeur-frontaux\/serie-cf\/","og_site_name":"ANGELONI SRL","article_modified_time":"2018-03-06T09:34:01+00:00","twitter_card":"summary_large_image","twitter_misc":{"Dur\u00e9e de lecture estim\u00e9e":"4 minutes"},"schema":{"@context":"https:\/\/schema.org","@graph":[{"@type":"WebPage","@id":"https:\/\/www.angeloniweb.it\/fr\/produits\/applications\/chargeur-frontaux\/serie-cf\/","url":"https:\/\/www.angeloniweb.it\/fr\/produits\/applications\/chargeur-frontaux\/serie-cf\/","name":"Serie CF - ANGELONI SRL","isPartOf":{"@id":"https:\/\/www.angeloniweb.it\/fr\/#website"},"datePublished":"2017-10-31T11:41:06+00:00","dateModified":"2018-03-06T09:34:01+00:00","breadcrumb":{"@id":"https:\/\/www.angeloniweb.it\/fr\/produits\/applications\/chargeur-frontaux\/serie-cf\/#breadcrumb"},"inLanguage":"fr-FR","potentialAction":[{"@type":"ReadAction","target":["https:\/\/www.angeloniweb.it\/fr\/produits\/applications\/chargeur-frontaux\/serie-cf\/"]}]},{"@type":"BreadcrumbList","@id":"https:\/\/www.angeloniweb.it\/fr\/produits\/applications\/chargeur-frontaux\/serie-cf\/#breadcrumb","itemListElement":[{"@type":"ListItem","position":1,"name":"Home","item":"https:\/\/www.angeloniweb.it\/fr\/"},{"@type":"ListItem","position":2,"name":"Produits","item":"https:\/\/www.angeloniweb.it\/fr\/produits\/"},{"@type":"ListItem","position":3,"name":"Applications","item":"https:\/\/www.angeloniweb.it\/fr\/produits\/applications\/"},{"@type":"ListItem","position":4,"name":"Chargeurs frontaux","item":"https:\/\/www.angeloniweb.it\/fr\/produits\/applications\/chargeur-frontaux\/"},{"@type":"ListItem","position":5,"name":"Serie CF"}]},{"@type":"WebSite","@id":"https:\/\/www.angeloniweb.it\/fr\/#website","url":"https:\/\/www.angeloniweb.it\/fr\/","name":"ANGELONI SRL","description":"Macchine Agricole","publisher":{"@id":"https:\/\/www.angeloniweb.it\/fr\/#organization"},"potentialAction":[{"@type":"SearchAction","target":{"@type":"EntryPoint","urlTemplate":"https:\/\/www.angeloniweb.it\/fr\/?s={search_term_string}"},"query-input":{"@type":"PropertyValueSpecification","valueRequired":true,"valueName":"search_term_string"}}],"inLanguage":"fr-FR"},{"@type":"Organization","@id":"https:\/\/www.angeloniweb.it\/fr\/#organization","name":"Angeloni Srl","url":"https:\/\/www.angeloniweb.it\/fr\/","logo":{"@type":"ImageObject","inLanguage":"fr-FR","@id":"https:\/\/www.angeloniweb.it\/fr\/#\/schema\/logo\/image\/","url":"https:\/\/www.angeloniweb.it\/wp-content\/uploads\/2017\/11\/logo_pdf.png","contentUrl":"https:\/\/www.angeloniweb.it\/wp-content\/uploads\/2017\/11\/logo_pdf.png","width":200,"height":49,"caption":"Angeloni Srl"},"image":{"@id":"https:\/\/www.angeloniweb.it\/fr\/#\/schema\/logo\/image\/"},"sameAs":["https:\/\/www.youtube.com\/channel\/UCCzeJGF_kigS6siFMLuuKxQ"]}]}},"_links":{"self":[{"href":"https:\/\/www.angeloniweb.it\/fr\/wp-json\/wp\/v2\/pages\/3285","targetHints":{"allow":["GET"]}}],"collection":[{"href":"https:\/\/www.angeloniweb.it\/fr\/wp-json\/wp\/v2\/pages"}],"about":[{"href":"https:\/\/www.angeloniweb.it\/fr\/wp-json\/wp\/v2\/types\/page"}],"author":[{"embeddable":true,"href":"https:\/\/www.angeloniweb.it\/fr\/wp-json\/wp\/v2\/users\/1"}],"replies":[{"embeddable":true,"href":"https:\/\/www.angeloniweb.it\/fr\/wp-json\/wp\/v2\/comments?post=3285"}],"version-history":[{"count":3,"href":"https:\/\/www.angeloniweb.it\/fr\/wp-json\/wp\/v2\/pages\/3285\/revisions"}],"predecessor-version":[{"id":3434,"href":"https:\/\/www.angeloniweb.it\/fr\/wp-json\/wp\/v2\/pages\/3285\/revisions\/3434"}],"up":[{"embeddable":true,"href":"https:\/\/www.angeloniweb.it\/fr\/wp-json\/wp\/v2\/pages\/3409"}],"wp:attachment":[{"href":"https:\/\/www.angeloniweb.it\/fr\/wp-json\/wp\/v2\/media?parent=3285"}],"curies":[{"name":"wp","href":"https:\/\/api.w.org\/{rel}","templated":true}]}}